{"id":49982,"date":"2020-08-31T14:04:49","date_gmt":"2020-08-31T14:04:49","guid":{"rendered":"https:\/\/cabrerarodriguez.com\/?page_id=49982"},"modified":"2020-09-08T11:17:53","modified_gmt":"2020-09-08T11:17:53","slug":"legal-notice","status":"publish","type":"page","link":"https:\/\/cabrerarodriguez.com\/en\/legal-notice\/","title":{"rendered":"Legal notice"},"content":{"rendered":"<p>[et_pb_section fb_built=&#8221;1&#8243; admin_label=&#8221;section&#8221; _builder_version=&#8221;3.22&#8243;][et_pb_row admin_label=&#8221;row&#8221; _builder_version=&#8221;3.25&#8243; background_size=&#8221;initial&#8221; background_position=&#8221;top_left&#8221; background_repeat=&#8221;repeat&#8221;][et_pb_column type=&#8221;4_4&#8243; _builder_version=&#8221;3.25&#8243; custom_padding=&#8221;|||&#8221; custom_padding__hover=&#8221;|||&#8221;][et_pb_text admin_label=&#8221;Text&#8221; _builder_version=&#8221;4.6.1&#8243; text_font=&#8221;Raleway||||||||&#8221; text_text_color=&#8221;#646363&#8243; text_font_size=&#8221;18px&#8221; text_line_height=&#8221;1.6em&#8221; link_text_color=&#8221;#0b3d5c&#8221; background_size=&#8221;initial&#8221; background_position=&#8221;top_left&#8221; background_repeat=&#8221;repeat&#8221; hover_enabled=&#8221;0&#8243; sticky_enabled=&#8221;0&#8243;]<\/p>\n<h1 style=\"text-align: justify;\">Legal Notice<\/h1>\n<p style=\"text-align: justify;\">To comply with the provisions of Law 34\/2002, of July 11, Services of the Information Society and Electronic Commerce, below we indicate the general information data of our website cabrerarodriguez.com:<\/p>\n<p style=\"text-align: justify;\"><strong>Owner:<\/strong> Cabrera Rodr\u00edguez Servicios Jur\u00eddicos S.L.<\/p>\n<p style=\"text-align: justify;\"><strong>E-mail:<\/strong> info@cabrerarodriguez.com<\/p>\n<p style=\"text-align: justify;\"><strong>Telephone:<\/strong> +34 922 241 188<\/p>\n<p style=\"text-align: justify;\"><span style=\"font-weight: 400;\">\u00a0<\/span><\/p>\n<h2 style=\"text-align: justify;\">General conditions of use<\/h2>\n<p style=\"text-align: justify;\">The use of the services that can be accessed through the website www.cabrerarodriguez.com are subject to these general conditions.<\/p>\n<h1 style=\"text-align: justify;\">1. General Conditions and their Acceptance<\/h1>\n<p style=\"text-align: justify;\">These general conditions (hereinafter, the &#8220;General Conditions&#8221;) regulate the use of the services (hereinafter, &#8220;Services&#8221;) that Cabrera Rodr\u00edguez Servicios Jur\u00eddicos S.L. (hereinafter, &#8220;Cabrera Rodr\u00edguez Servicios Jur\u00eddicos S.L.&#8221;) makes available to users of the website www.cabrerarodriguez.com (hereinafter, the &#8220;Website&#8221;).<\/p>\n<p style=\"text-align: justify;\">The use of the Services attributes the condition of user (hereinafter, \u201cthe User\u201d) and entails the acceptance of the General Conditions in the latest version published by Cabrera Rodr\u00edguez Servicios Jur\u00eddicos S.L. on the Website at the time the User accesses them.<\/p>\n<p style=\"text-align: justify;\">The Website has been created by Cabrera Rodr\u00edguez Servicios Jur\u00eddicos S.L. to publish its offer of services and to facilitate the electronic contracting of the same.<\/p>\n<p style=\"text-align: justify;\">If you access this website, you are declaring that you are of legal age and have sufficient legal capacity to be bound by the terms and conditions that are available to you, and that you do so under your sole and exclusive responsibility. If you are not satisfied with the content of these terms of employment, you must abandon the website.<\/p>\n<p style=\"text-align: justify;\">Access to the website is free and free to inform you of the services offered.<\/p>\n<p style=\"text-align: justify;\">You force yourself at all times to make a convenient use of the resources placed at your disposal on the website, in accordance with the provisions of the terms and conditions, ethics, public order, good customs and current legality, without damaging nor harm the owners of the website or any third party, with which you agree not to use such resources to engage in illegal activities, contrary to good faith or public order; cause damage to the physical and logical systems of Cabrera Rodr\u00edguez Servicios Jur\u00eddicos S.L., its distributors or third parties, introduce or spread computer viruses on the internet or any other physical or logical systems that are likely to cause the previously mentioned damages .<\/p>\n<p style=\"text-align: justify;\">In Cabrera Rodr\u00edguez Servicios Jur\u00eddicos S.L. We make certain free content available to you, but to be able to enjoy it, it will be necessary to register in the forms provided for this purpose, having to read, and if you agree to accept the privacy policy by checking the corresponding box .<\/p>\n<h3 style=\"text-align: justify;\">1.1 User behavior<\/h3>\n<p style=\"text-align: justify;\">Certain pages of the website may let you participate by making comments or generating content, being completely prohibited from spreading content or advertising of an illegal, racist, xenophobic nature, apology for terrorism, an attack on human rights, or Either they encourage hatred, violate the dignity of the person, of an injurious or slanderous nature or against order or public safety.<\/p>\n<p style=\"text-align: justify;\">Cabrera Rodr\u00edguez Servicios Jur\u00eddicos S.L. reserves the right to withdraw all comments and \/ or content that violate the previously stated or that are not suitable for publication on the website.<\/p>\n<p style=\"text-align: justify;\">In any case, Cabrera Rodr\u00edguez Servicios Jur\u00eddicos S.L. It will not be responsible for the beliefs expressed by users through the discussion forums, chats, weblog or other participation tools that may be created, except as expressly provided for by the applicable regulations.<\/p>\n<h3 style=\"text-align: justify;\">1.2 Request for our services or web contact<\/h3>\n<p style=\"text-align: justify;\">If you want, you can contact Cabrera Rodr\u00edguez Servicios Jur\u00eddicos S.L. to solve your doubts in relation to our services through the different forms of the Website provided for this purpose, providing the data that is requested, and when you have read and, if you agree, admitted the privacy policy (through a statement or a clear affirmative action, such as marking a box), you will have to press the relevant button to send your contact information and your request for information.<\/p>\n<h2 style=\"text-align: justify;\">2. Purpose<\/h2>\n<p style=\"text-align: justify;\">These General Conditions regulate all the Services offered through their Websites, the sending by the user of files of all kinds (be they photographs, videos, documents, audio recordings or any other material) and any other, as well as the use of the same by the Users.<\/p>\n<h2 style=\"text-align: justify;\">3. Personal Data<\/h2>\n<p style=\"text-align: justify;\">The User, to use the Services, must previously provide Cabrera Rodr\u00edguez Servicios Jur\u00eddicos S.L. certain personal data through a short form (hereinafter, the &#8220;Personal Data&#8221;).Cabrera Rodr\u00edguez Servicios Jur\u00eddicos S.L. will process the Personal Data for the management of the Services.<\/p>\n<p style=\"text-align: justify;\">Once the form has been completed and sent, it is understood that the User accepts and expressly authorizes that their Personal Data be processed by Cabrera Rodr\u00edguez Servicios Jur\u00eddicos S.L.<\/p>\n<p style=\"text-align: justify;\">The user is informed that the personal data provided is incorporated into the computerized file of Cabrera Rodr\u00edguez Servicios Jur\u00eddicos S.L.<\/p>\n<p style=\"text-align: justify;\">Likewise, we inform you of the possibility that you have at any time to exercise the rights of access, rectification, cancellation and opposition of your personal data by email to info@cabrerarodriguez.com or by writing to Cabrera Rodr\u00edguez Servicios Jur\u00eddicos S.L. Calle el Pilar, 5, Edificio Pece\u00f1o, 3\u00ba L9, 38002 Santa Cruz de Tenerife. The User guarantees the veracity, accuracy, validity and authenticity of the Personal Data provided, committing to keep them duly updated. At no time will you sell or transfer your data to third parties.<\/p>\n<h2 style=\"text-align: justify;\">4. Web operation<\/h2>\n<p style=\"text-align: justify;\">Cabrera Rodr\u00edguez Servicios Jur\u00eddicos S.L. cannot guarantee that there are no interruptions or failures in accessing the Website. However, there is a firm commitment, as soon as it becomes aware of such incidents, to carry out each and every one of the actions aimed at their restoration or repair, except for the concurrence of causes beyond the control of Cabrera Rodr\u00edguez Servicios Jur\u00eddicos S.L. that make it impossible or complicate its execution.<\/p>\n<p style=\"text-align: justify;\">Cabrera Rodr\u00edguez Servicios Jur\u00eddicos S.L. It will not be responsible in any case for the damages or damages of any kind that may be caused by visiting this website, whether due to failure or omission in the content or for the transmission of a malicious program that is generated despite have taken the necessary technological measures to avoid it.<\/p>\n<p style=\"text-align: justify;\"><span style=\"font-weight: 400;\">\u00a0<\/span><\/p>\n<h2 style=\"text-align: justify;\">5. Intellectual and Industrial Property<\/h2>\n<p style=\"text-align: justify;\">All the elements and \/ or contents placed at your disposal on the Website or which can be accessed through the exact contracting of the same, have been created by Cabrera Rodr\u00edguez Servicios Jur\u00eddicos S.L. Either exactly it has a license or authorization for its use.<\/p>\n<p style=\"text-align: justify;\">Therefore, all those elements and \/ or contents (similar as: images, audio, video, software or texts; brands or logos, color combinations, structure and design, precise applications for their operation, access and use, etc.) and the rights that can be held over exactly the same, are the exclusive property of Cabrera Rodr\u00edguez Servicios Jur\u00eddicos S.L.<\/p>\n<h2 style=\"text-align: justify;\">6. Content generated by the visitor<\/h2>\n<p style=\"text-align: justify;\">By accepting these terms of employment, you grant Cabrera Rodr\u00edguez Servicios Jur\u00eddicos S.L. A license as extensive, as required by law, for the publication of the contributions you make in the different participation services established on the Website or in the social media profiles of Cabrera Rodr\u00edguez Servicios Jur\u00eddicos S.L.<\/p>\n<h2 style=\"text-align: justify;\">7. Use of links<\/h2>\n<h3 style=\"text-align: justify;\">7.1 Use of links to external web pages<\/h3>\n<p style=\"text-align: justify;\">The website of Cabrera Rodr\u00edguez Servicios Jur\u00eddicos S.L. may put at the user&#8217;s predisposition links to other websites managed and controlled by third parties, with the exclusive function of facilitating users to search for information, content and services on the Internet, without in any case being considered that Cabrera Rodr\u00edguez Servicios Jur\u00eddicos S.L. markets, directs, controls or makes the content, services, information and free statements on such websites its own.<\/p>\n<p style=\"text-align: justify;\">Cabrera Rodr\u00edguez Servicios Jur\u00eddicos S.L. does not accept any kind of responsibility, even indirectly or indirectly, for the content, information, communications, beliefs or services linked from those websites not managed by Cabrera Rodr\u00edguez Servicios Jur\u00eddicos S.L. and that are achievable through the web, nor does it guarantee the absence of viruses or other elements in exactly the same that may generate disturbances in the computer system (hardware and software), in the documents or the user&#8217;s files, excluding any responsibility for damages of any kind caused to the user for this reason.<\/p>\n<h3 style=\"text-align: justify;\">7.2 Use of links from other web pages<\/h3>\n<p style=\"text-align: justify;\">No type of reproduction of our web content, images or logos is allowed.<\/p>\n<p style=\"text-align: justify;\">Actions that may damage the image, whether online or offline, of Cabrera Rodr\u00edguez Servicios Jur\u00eddicos S.L. are not allowed.<\/p>\n<p style=\"text-align: justify;\">Cabrera Rodr\u00edguez Servicios Jur\u00eddicos S.L. is not responsible for the information or content published on another website about our services or our content.<\/p>\n<p style=\"text-align: justify;\">No false, inaccurate or incorrect manifestation will be made on the Website, nor on the services or contents thereof.<\/p>\n<p style=\"text-align: justify;\"><span style=\"font-weight: 400;\">\u00a0<\/span><\/p>\n<h2 style=\"text-align: justify;\">8. Breach of conditions<\/h2>\n<p style=\"text-align: justify;\">Any breach can be prosecuted, as well as any improper use of the Web, and Cabrera Rodr\u00edguez Servicios Jur\u00eddicos S.L. exercise as many legal actions as appropriate in defense of their legitimate interests. It even reserves the right to limit or prohibit access to users who violate it.<\/p>\n<h2 style=\"text-align: justify;\">9. Applicable law<\/h2>\n<p style=\"text-align: justify;\">These legal conditions have been drawn up based on Spanish legislation.<\/p>\n<h2 style=\"text-align: justify;\">10. Modification of the Legal Notice<\/h2>\n<p style=\"text-align: justify;\">Cabrera Rodr\u00edguez Servicios Jur\u00eddicos S.L. reserves the right to make changes to this Legal Notice, therefore Users are advised to visit it periodically.<\/p>\n<p style=\"text-align: justify;\">When there are significant changes to this Legal Notice, Users will be notified for their acceptance through notices on the Portal or through email or through any other appropriate procedure depending on the circumstances.<\/p>\n<p>[\/et_pb_text][\/et_pb_column][\/et_pb_row][\/et_pb_section]<\/p>\n","protected":false},"excerpt":{"rendered":"<p>Legal Notice To comply with the provisions of Law 34\/2002, of July 11, Services of the Information Society and Electronic Commerce, below we indicate the general information data of our website cabrerarodriguez.com: Owner: Cabrera Rodr\u00edguez Servicios Jur\u00eddicos S.L. E-mail: info@cabrerarodriguez.com Telephone: +34 922 241 188 \u00a0 General conditions of use The use of the services [&hellip;]<\/p>\n","protected":false},"author":17,"featured_media":0,"parent":0,"menu_order":0,"comment_status":"closed","ping_status":"closed","template":"","meta":{"_acf_changed":false,"_et_pb_use_builder":"on","_et_pb_old_content":"","_et_gb_content_width":"","footnotes":""},"class_list":["post-49982","page","type-page","status-publish","hentry"],"acf":[],"yoast_head":"<!-- This site is optimized with the Yoast SEO plugin v27.4 - https:\/\/yoast.com\/product\/yoast-seo-wordpress\/ -->\n<title>Legal notice - Cabrera Rodr\u00edguez<\/title>\n<meta name=\"robots\" content=\"noindex, nofollow\" \/>\n<meta property=\"og:locale\" content=\"en_US\" \/>\n<meta property=\"og:type\" content=\"article\" \/>\n<meta property=\"og:title\" content=\"Legal notice - Cabrera Rodr\u00edguez\" \/>\n<meta property=\"og:description\" content=\"Legal Notice To comply with the provisions of Law 34\/2002, of July 11, Services of the Information Society and Electronic Commerce, below we indicate the general information data of our website cabrerarodriguez.com: Owner: Cabrera Rodr\u00edguez Servicios Jur\u00eddicos S.L. E-mail: info@cabrerarodriguez.com Telephone: +34 922 241 188 \u00a0 General conditions of use The use of the services [&hellip;]\" \/>\n<meta property=\"og:url\" content=\"https:\/\/cabrerarodriguez.com\/en\/legal-notice\/\" \/>\n<meta property=\"og:site_name\" content=\"Cabrera Rodr\u00edguez\" \/>\n<meta property=\"article:modified_time\" content=\"2020-09-08T11:17:53+00:00\" \/>\n<meta name=\"twitter:card\" content=\"summary_large_image\" \/>\n<meta name=\"twitter:label1\" content=\"Est. reading time\" \/>\n\t<meta name=\"twitter:data1\" content=\"9 minutes\" \/>\n<script type=\"application\/ld+json\" class=\"yoast-schema-graph\">{\"@context\":\"https:\\\/\\\/schema.org\",\"@graph\":[{\"@type\":\"WebPage\",\"@id\":\"https:\\\/\\\/cabrerarodriguez.com\\\/en\\\/legal-notice\\\/\",\"url\":\"https:\\\/\\\/cabrerarodriguez.com\\\/en\\\/legal-notice\\\/\",\"name\":\"Legal notice - Cabrera Rodr\u00edguez\",\"isPartOf\":{\"@id\":\"https:\\\/\\\/cabrerarodriguez.com\\\/#website\"},\"datePublished\":\"2020-08-31T14:04:49+00:00\",\"dateModified\":\"2020-09-08T11:17:53+00:00\",\"breadcrumb\":{\"@id\":\"https:\\\/\\\/cabrerarodriguez.com\\\/en\\\/legal-notice\\\/#breadcrumb\"},\"inLanguage\":\"en-US\",\"potentialAction\":[{\"@type\":\"ReadAction\",\"target\":[\"https:\\\/\\\/cabrerarodriguez.com\\\/en\\\/legal-notice\\\/\"]}]},{\"@type\":\"BreadcrumbList\",\"@id\":\"https:\\\/\\\/cabrerarodriguez.com\\\/en\\\/legal-notice\\\/#breadcrumb\",\"itemListElement\":[{\"@type\":\"ListItem\",\"position\":1,\"name\":\"Portada\",\"item\":\"https:\\\/\\\/cabrerarodriguez.com\\\/en\\\/\"},{\"@type\":\"ListItem\",\"position\":2,\"name\":\"Legal notice\"}]},{\"@type\":\"WebSite\",\"@id\":\"https:\\\/\\\/cabrerarodriguez.com\\\/#website\",\"url\":\"https:\\\/\\\/cabrerarodriguez.com\\\/\",\"name\":\"Cabrera Rodr\u00edguez\",\"description\":\"Abogados y asesores tributarios\",\"publisher\":{\"@id\":\"https:\\\/\\\/cabrerarodriguez.com\\\/#organization\"},\"potentialAction\":[{\"@type\":\"SearchAction\",\"target\":{\"@type\":\"EntryPoint\",\"urlTemplate\":\"https:\\\/\\\/cabrerarodriguez.com\\\/?s={search_term_string}\"},\"query-input\":{\"@type\":\"PropertyValueSpecification\",\"valueRequired\":true,\"valueName\":\"search_term_string\"}}],\"inLanguage\":\"en-US\"},{\"@type\":\"Organization\",\"@id\":\"https:\\\/\\\/cabrerarodriguez.com\\\/#organization\",\"name\":\"Cabrera Rodr\u00edguez\",\"url\":\"https:\\\/\\\/cabrerarodriguez.com\\\/\",\"logo\":{\"@type\":\"ImageObject\",\"inLanguage\":\"en-US\",\"@id\":\"https:\\\/\\\/cabrerarodriguez.com\\\/#\\\/schema\\\/logo\\\/image\\\/\",\"url\":\"https:\\\/\\\/cabrerarodriguez.com\\\/wp-content\\\/uploads\\\/2019\\\/09\\\/logo_cabrera_rodriguez_2-1.png\",\"contentUrl\":\"https:\\\/\\\/cabrerarodriguez.com\\\/wp-content\\\/uploads\\\/2019\\\/09\\\/logo_cabrera_rodriguez_2-1.png\",\"width\":600,\"height\":300,\"caption\":\"Cabrera Rodr\u00edguez\"},\"image\":{\"@id\":\"https:\\\/\\\/cabrerarodriguez.com\\\/#\\\/schema\\\/logo\\\/image\\\/\"}}]}<\/script>\n<!-- \/ Yoast SEO plugin. -->","yoast_head_json":{"title":"Legal notice - Cabrera Rodr\u00edguez","robots":{"index":"noindex","follow":"nofollow"},"og_locale":"en_US","og_type":"article","og_title":"Legal notice - Cabrera Rodr\u00edguez","og_description":"Legal Notice To comply with the provisions of Law 34\/2002, of July 11, Services of the Information Society and Electronic Commerce, below we indicate the general information data of our website cabrerarodriguez.com: Owner: Cabrera Rodr\u00edguez Servicios Jur\u00eddicos S.L. E-mail: info@cabrerarodriguez.com Telephone: +34 922 241 188 \u00a0 General conditions of use The use of the services [&hellip;]","og_url":"https:\/\/cabrerarodriguez.com\/en\/legal-notice\/","og_site_name":"Cabrera Rodr\u00edguez","article_modified_time":"2020-09-08T11:17:53+00:00","twitter_card":"summary_large_image","twitter_misc":{"Est. reading time":"9 minutes"},"schema":{"@context":"https:\/\/schema.org","@graph":[{"@type":"WebPage","@id":"https:\/\/cabrerarodriguez.com\/en\/legal-notice\/","url":"https:\/\/cabrerarodriguez.com\/en\/legal-notice\/","name":"Legal notice - Cabrera Rodr\u00edguez","isPartOf":{"@id":"https:\/\/cabrerarodriguez.com\/#website"},"datePublished":"2020-08-31T14:04:49+00:00","dateModified":"2020-09-08T11:17:53+00:00","breadcrumb":{"@id":"https:\/\/cabrerarodriguez.com\/en\/legal-notice\/#breadcrumb"},"inLanguage":"en-US","potentialAction":[{"@type":"ReadAction","target":["https:\/\/cabrerarodriguez.com\/en\/legal-notice\/"]}]},{"@type":"BreadcrumbList","@id":"https:\/\/cabrerarodriguez.com\/en\/legal-notice\/#breadcrumb","itemListElement":[{"@type":"ListItem","position":1,"name":"Portada","item":"https:\/\/cabrerarodriguez.com\/en\/"},{"@type":"ListItem","position":2,"name":"Legal notice"}]},{"@type":"WebSite","@id":"https:\/\/cabrerarodriguez.com\/#website","url":"https:\/\/cabrerarodriguez.com\/","name":"Cabrera Rodr\u00edguez","description":"Abogados y asesores tributarios","publisher":{"@id":"https:\/\/cabrerarodriguez.com\/#organization"},"potentialAction":[{"@type":"SearchAction","target":{"@type":"EntryPoint","urlTemplate":"https:\/\/cabrerarodriguez.com\/?s={search_term_string}"},"query-input":{"@type":"PropertyValueSpecification","valueRequired":true,"valueName":"search_term_string"}}],"inLanguage":"en-US"},{"@type":"Organization","@id":"https:\/\/cabrerarodriguez.com\/#organization","name":"Cabrera Rodr\u00edguez","url":"https:\/\/cabrerarodriguez.com\/","logo":{"@type":"ImageObject","inLanguage":"en-US","@id":"https:\/\/cabrerarodriguez.com\/#\/schema\/logo\/image\/","url":"https:\/\/cabrerarodriguez.com\/wp-content\/uploads\/2019\/09\/logo_cabrera_rodriguez_2-1.png","contentUrl":"https:\/\/cabrerarodriguez.com\/wp-content\/uploads\/2019\/09\/logo_cabrera_rodriguez_2-1.png","width":600,"height":300,"caption":"Cabrera Rodr\u00edguez"},"image":{"@id":"https:\/\/cabrerarodriguez.com\/#\/schema\/logo\/image\/"}}]}},"_links":{"self":[{"href":"https:\/\/cabrerarodriguez.com\/en\/wp-json\/wp\/v2\/pages\/49982","targetHints":{"allow":["GET"]}}],"collection":[{"href":"https:\/\/cabrerarodriguez.com\/en\/wp-json\/wp\/v2\/pages"}],"about":[{"href":"https:\/\/cabrerarodriguez.com\/en\/wp-json\/wp\/v2\/types\/page"}],"author":[{"embeddable":true,"href":"https:\/\/cabrerarodriguez.com\/en\/wp-json\/wp\/v2\/users\/17"}],"replies":[{"embeddable":true,"href":"https:\/\/cabrerarodriguez.com\/en\/wp-json\/wp\/v2\/comments?post=49982"}],"version-history":[{"count":0,"href":"https:\/\/cabrerarodriguez.com\/en\/wp-json\/wp\/v2\/pages\/49982\/revisions"}],"wp:attachment":[{"href":"https:\/\/cabrerarodriguez.com\/en\/wp-json\/wp\/v2\/media?parent=49982"}],"curies":[{"name":"wp","href":"https:\/\/api.w.org\/{rel}","templated":true}]}}