{"id":51016,"date":"2020-11-09T13:17:10","date_gmt":"2020-11-09T13:17:10","guid":{"rendered":"https:\/\/cabrerarodriguez.com\/?page_id=51016"},"modified":"2025-08-25T11:53:57","modified_gmt":"2025-08-25T11:53:57","slug":"ruth-rodriguez-afonso","status":"publish","type":"page","link":"https:\/\/cabrerarodriguez.com\/en\/ruth-rodriguez-afonso\/","title":{"rendered":"Ruth Rodr\u00edguez Afonso"},"content":{"rendered":"<p>[et_pb_section fb_built=&#8221;1&#8243; _builder_version=&#8221;4.16&#8243; custom_padding=&#8221;||0px||false|false&#8221; global_colors_info=&#8221;{}&#8221;][et_pb_row _builder_version=&#8221;4.16&#8243; custom_margin=&#8221;|auto|9px|auto||&#8221; global_colors_info=&#8221;{}&#8221;][et_pb_column type=&#8221;4_4&#8243; _builder_version=&#8221;4.16&#8243; global_colors_info=&#8221;{}&#8221;][et_pb_text _builder_version=&#8221;4.17.3&#8243; text_font=&#8221;Raleway|200|||||||&#8221; text_text_color=&#8221;#5b5b5b&#8221; text_font_size=&#8221;50px&#8221; header_font=&#8221;Raleway|200|||||||&#8221; header_font_size=&#8221;50px&#8221; header_letter_spacing=&#8221;1px&#8221; text_orientation=&#8221;center&#8221; custom_margin=&#8221;||||false|false&#8221; text_font_size_tablet=&#8221;&#8221; text_font_size_phone=&#8221;40px&#8221; text_font_size_last_edited=&#8221;on|phone&#8221; global_colors_info=&#8221;{}&#8221;]<\/p>\n<h1 style=\"text-align: left;\">Ruth Rodr\u00edguez Afonso<\/h1>\n<p>[\/et_pb_text][\/et_pb_column][\/et_pb_row][et_pb_row column_structure=&#8221;1_2,1_2&#8243; _builder_version=&#8221;4.16&#8243; global_colors_info=&#8221;{}&#8221;][et_pb_column type=&#8221;1_2&#8243; _builder_version=&#8221;4.16&#8243; global_colors_info=&#8221;{}&#8221;][et_pb_image src=&#8221;https:\/\/cabrerarodriguez.com\/wp-content\/uploads\/2021\/01\/20210118_135134.png&#8221; alt=&#8221;Ruth&#8221; title_text=&#8221;Ruth-Rodriguez&#8221; _builder_version=&#8221;4.16&#8243; _module_preset=&#8221;default&#8221; global_colors_info=&#8221;{}&#8221;][\/et_pb_image][\/et_pb_column][et_pb_column type=&#8221;1_2&#8243; _builder_version=&#8221;4.16&#8243; global_colors_info=&#8221;{}&#8221;][et_pb_text ul_type=&#8221;square&#8221; ul_item_indent=&#8221;40px&#8221; _builder_version=&#8221;4.27.4&#8243; text_font=&#8221;Raleway||||||||&#8221; text_text_color=&#8221;#565656&#8243; text_font_size=&#8221;18px&#8221; text_line_height=&#8221;1.6em&#8221; ul_font=&#8221;||||||||&#8221; ul_text_color=&#8221;#565656&#8243; ul_line_height=&#8221;1.6em&#8221; header_3_font=&#8221;||||||||&#8221; custom_margin=&#8221;||7px|||&#8221; hover_enabled=&#8221;0&#8243; global_colors_info=&#8221;{}&#8221; sticky_enabled=&#8221;0&#8243;]<\/p>\n<h3>Lawyer<\/h3>\n<p>[\/et_pb_text][et_pb_text ul_type=&#8221;square&#8221; ul_item_indent=&#8221;40px&#8221; _builder_version=&#8221;4.23.1&#8243; text_font=&#8221;Raleway||||||||&#8221; text_text_color=&#8221;#565656&#8243; text_font_size=&#8221;18px&#8221; text_line_height=&#8221;1.6em&#8221; ul_font=&#8221;||||||||&#8221; ul_text_color=&#8221;#565656&#8243; ul_line_height=&#8221;1.6em&#8221; custom_margin=&#8221;13px|||||&#8221; global_colors_info=&#8221;{}&#8221;]<\/p>\n<p style=\"text-align: justify;\"><span lang=\"EN-US\">Member of the College of Lawyers of Madrid since 2001 and Santa Cruz de Tenerife since 2013.<\/span><\/p>\n<p style=\"text-align: justify;\"><span lang=\"EN-US\">Graduate in Law from the Complutense University of Madrid.<\/span><\/p>\n<p style=\"text-align: justify;\"><span lang=\"EN-US\">Master\u2019s in Civil and Commercial Law from the College of Lawyers of Madrid.<\/span><\/p>\n<p style=\"text-align: justify;\"><span lang=\"EN-US\"><span>Postgraduate in Tax Compliance from the European University of Canary Islands.<\/span><\/span><\/p>\n<p>[\/et_pb_text][et_pb_blurb use_icon=&#8221;on&#8221; font_icon=&#8221;&#xe076;||divi||400&#8243; icon_color=&#8221;#5b5b5b&#8221; icon_placement=&#8221;left&#8221; image_icon_width=&#8221;20px&#8221; _builder_version=&#8221;4.16&#8243; _module_preset=&#8221;default&#8221; body_text_align=&#8221;left&#8221; body_font_size=&#8221;16px&#8221; body_line_height=&#8221;3em&#8221; image_icon_custom_padding=&#8221;15px|15px|15px|15px|true|true&#8221; custom_margin=&#8221;0px|||0px|false|false&#8221; custom_margin_tablet=&#8221;0px|||0px|false|false&#8221; custom_margin_phone=&#8221;0px|||0px|false|false&#8221; custom_margin_last_edited=&#8221;on|desktop&#8221; custom_padding=&#8221;0px||||false|false&#8221; icon_font_size=&#8221;23px&#8221; global_colors_info=&#8221;{}&#8221;]<\/p>\n<p><a href=\"mailto:Ruth.Rodriguez@cabrerarodriguez.com\">ruth.rodriguez@cabrerarodriguez.com<\/a><\/p>\n<p>[\/et_pb_blurb][et_pb_blurb use_icon=&#8221;on&#8221; font_icon=&#8221;&#xe09d;||divi||400&#8243; icon_color=&#8221;#5b5b5b&#8221; icon_placement=&#8221;left&#8221; image_icon_width=&#8221;20px&#8221; _builder_version=&#8221;4.16&#8243; _module_preset=&#8221;default&#8221; body_text_align=&#8221;left&#8221; body_font_size=&#8221;16px&#8221; body_line_height=&#8221;3em&#8221; image_icon_custom_padding=&#8221;15px|15px|15px|15px|true|true&#8221; custom_margin=&#8221;0px|||0px|false|false&#8221; custom_margin_tablet=&#8221;0px|||0px|false|false&#8221; custom_margin_phone=&#8221;0px|||0px|false|false&#8221; custom_margin_last_edited=&#8221;on|desktop&#8221; custom_padding=&#8221;0px||||false|false&#8221; icon_font_size=&#8221;23px&#8221; global_colors_info=&#8221;{}&#8221;]<\/p>\n<p><a href=\"https:\/\/es.linkedin.com\/in\/ruth-rodr%C3%ADguez-afonso-7a555a1a7\" target=\"_blank\" rel=\"noopener noreferrer\">linkedin.com\/in\/ruth-rodriguez<\/a><\/p>\n<p>[\/et_pb_blurb][et_pb_blurb use_icon=&#8221;on&#8221; font_icon=&#8221;&#xe066;||divi||400&#8243; icon_color=&#8221;#5b5b5b&#8221; icon_placement=&#8221;left&#8221; image_icon_width=&#8221;20px&#8221; _builder_version=&#8221;4.16&#8243; _module_preset=&#8221;default&#8221; body_text_align=&#8221;left&#8221; body_font_size=&#8221;16px&#8221; body_line_height=&#8221;3em&#8221; image_icon_custom_padding=&#8221;15px|15px|15px|15px|true|true&#8221; custom_margin=&#8221;0px|||0px|false|false&#8221; custom_margin_tablet=&#8221;0px|||0px|false|false&#8221; custom_margin_phone=&#8221;0px|||0px|false|false&#8221; custom_margin_last_edited=&#8221;on|desktop&#8221; custom_padding=&#8221;0px||||false|false&#8221; icon_font_size=&#8221;23px&#8221; global_colors_info=&#8221;{}&#8221;]<\/p>\n<p><span>Spanish and English<\/span><\/p>\n<p>[\/et_pb_blurb][\/et_pb_column][\/et_pb_row][\/et_pb_section][et_pb_section fb_built=&#8221;1&#8243; _builder_version=&#8221;4.16&#8243; _module_preset=&#8221;default&#8221; custom_padding=&#8221;16px|||||&#8221; locked=&#8221;off&#8221; global_colors_info=&#8221;{}&#8221;][et_pb_row _builder_version=&#8221;4.16&#8243; _module_preset=&#8221;default&#8221; custom_padding=&#8221;23px|||||&#8221; global_colors_info=&#8221;{}&#8221;][et_pb_column type=&#8221;4_4&#8243; _builder_version=&#8221;4.16&#8243; _module_preset=&#8221;default&#8221; global_colors_info=&#8221;{}&#8221;][et_pb_button button_url=&#8221;https:\/\/cabrerarodriguez.com\/en\/team\/&#8221; button_text=&#8221;Back to Team&#8221; button_alignment=&#8221;center&#8221; _builder_version=&#8221;4.16&#8243; _module_preset=&#8221;default&#8221; custom_button=&#8221;on&#8221; button_text_color=&#8221;#ffffff&#8221; button_bg_color=&#8221;#5b5b5b&#8221; button_border_width=&#8221;0px&#8221; button_border_radius=&#8221;0px&#8221; button_use_icon=&#8221;off&#8221; global_colors_info=&#8221;{}&#8221;][\/et_pb_button][\/et_pb_column][\/et_pb_row][\/et_pb_section]<\/p>\n","protected":false},"excerpt":{"rendered":"<p>Ruth Rodr\u00edguez AfonsoLawyerMember of the College of Lawyers of Madrid since 2001 and Santa Cruz de Tenerife since 2013. Graduate in Law from the Complutense University of Madrid. Master\u2019s in Civil and Commercial Law from the College of Lawyers of Madrid. Postgraduate in Tax Compliance from the European University of Canary Islands.ruth.rodriguez@cabrerarodriguez.comlinkedin.com\/in\/ruth-rodriguezSpanish and English<\/p>\n","protected":false},"author":17,"featured_media":50472,"parent":0,"menu_order":0,"comment_status":"closed","ping_status":"closed","template":"","meta":{"_acf_changed":false,"_et_pb_use_builder":"on","_et_pb_old_content":"","_et_gb_content_width":"","footnotes":""},"class_list":["post-51016","page","type-page","status-publish","has-post-thumbnail","hentry"],"acf":[],"yoast_head":"<!-- This site is optimized with the Yoast SEO plugin v27.4 - https:\/\/yoast.com\/product\/yoast-seo-wordpress\/ -->\n<title>Ruth Rodr\u00edguez Afonso - Cabrera Rodr\u00edguez Lawyers<\/title>\n<meta name=\"description\" content=\"Ruth Rodr\u00edguez Afonso is a team member of Cabrera Rodr\u00edguez Lawyers and Tax Advisors. Contact us.\" \/>\n<meta name=\"robots\" content=\"index, follow, max-snippet:-1, max-image-preview:large, max-video-preview:-1\" \/>\n<link rel=\"canonical\" href=\"https:\/\/cabrerarodriguez.com\/en\/ruth-rodriguez-afonso\/\" \/>\n<meta property=\"og:locale\" content=\"en_US\" \/>\n<meta property=\"og:type\" content=\"article\" \/>\n<meta property=\"og:title\" content=\"Ruth Rodr\u00edguez Afonso - Cabrera Rodr\u00edguez Lawyers\" \/>\n<meta property=\"og:description\" content=\"Ruth Rodr\u00edguez Afonso is a team member of Cabrera Rodr\u00edguez Lawyers and Tax Advisors. Contact us.\" \/>\n<meta property=\"og:url\" content=\"https:\/\/cabrerarodriguez.com\/en\/ruth-rodriguez-afonso\/\" \/>\n<meta property=\"og:site_name\" content=\"Cabrera Rodr\u00edguez\" \/>\n<meta property=\"article:modified_time\" content=\"2025-08-25T11:53:57+00:00\" \/>\n<meta property=\"og:image\" content=\"https:\/\/cabrerarodriguez.com\/wp-content\/uploads\/2020\/10\/20200924_150747-1.png\" \/>\n\t<meta property=\"og:image:width\" content=\"900\" \/>\n\t<meta property=\"og:image:height\" content=\"830\" \/>\n\t<meta property=\"og:image:type\" content=\"image\/png\" \/>\n<meta name=\"twitter:card\" content=\"summary_large_image\" \/>\n<meta name=\"twitter:label1\" content=\"Est. reading time\" \/>\n\t<meta name=\"twitter:data1\" content=\"4 minutes\" \/>\n<script type=\"application\/ld+json\" class=\"yoast-schema-graph\">{\"@context\":\"https:\\\/\\\/schema.org\",\"@graph\":[{\"@type\":\"WebPage\",\"@id\":\"https:\\\/\\\/cabrerarodriguez.com\\\/en\\\/ruth-rodriguez-afonso\\\/\",\"url\":\"https:\\\/\\\/cabrerarodriguez.com\\\/en\\\/ruth-rodriguez-afonso\\\/\",\"name\":\"Ruth Rodr\u00edguez Afonso - Cabrera Rodr\u00edguez Lawyers\",\"isPartOf\":{\"@id\":\"https:\\\/\\\/cabrerarodriguez.com\\\/#website\"},\"primaryImageOfPage\":{\"@id\":\"https:\\\/\\\/cabrerarodriguez.com\\\/en\\\/ruth-rodriguez-afonso\\\/#primaryimage\"},\"image\":{\"@id\":\"https:\\\/\\\/cabrerarodriguez.com\\\/en\\\/ruth-rodriguez-afonso\\\/#primaryimage\"},\"thumbnailUrl\":\"https:\\\/\\\/cabrerarodriguez.com\\\/wp-content\\\/uploads\\\/2020\\\/10\\\/20200924_150747-1.png\",\"datePublished\":\"2020-11-09T13:17:10+00:00\",\"dateModified\":\"2025-08-25T11:53:57+00:00\",\"description\":\"Ruth Rodr\u00edguez Afonso is a team member of Cabrera Rodr\u00edguez Lawyers and Tax Advisors. Contact us.\",\"breadcrumb\":{\"@id\":\"https:\\\/\\\/cabrerarodriguez.com\\\/en\\\/ruth-rodriguez-afonso\\\/#breadcrumb\"},\"inLanguage\":\"en-US\",\"potentialAction\":[{\"@type\":\"ReadAction\",\"target\":[\"https:\\\/\\\/cabrerarodriguez.com\\\/en\\\/ruth-rodriguez-afonso\\\/\"]}]},{\"@type\":\"ImageObject\",\"inLanguage\":\"en-US\",\"@id\":\"https:\\\/\\\/cabrerarodriguez.com\\\/en\\\/ruth-rodriguez-afonso\\\/#primaryimage\",\"url\":\"https:\\\/\\\/cabrerarodriguez.com\\\/wp-content\\\/uploads\\\/2020\\\/10\\\/20200924_150747-1.png\",\"contentUrl\":\"https:\\\/\\\/cabrerarodriguez.com\\\/wp-content\\\/uploads\\\/2020\\\/10\\\/20200924_150747-1.png\",\"width\":900,\"height\":830,\"caption\":\"Ruth\"},{\"@type\":\"BreadcrumbList\",\"@id\":\"https:\\\/\\\/cabrerarodriguez.com\\\/en\\\/ruth-rodriguez-afonso\\\/#breadcrumb\",\"itemListElement\":[{\"@type\":\"ListItem\",\"position\":1,\"name\":\"Portada\",\"item\":\"https:\\\/\\\/cabrerarodriguez.com\\\/en\\\/\"},{\"@type\":\"ListItem\",\"position\":2,\"name\":\"Ruth Rodr\u00edguez Afonso\"}]},{\"@type\":\"WebSite\",\"@id\":\"https:\\\/\\\/cabrerarodriguez.com\\\/#website\",\"url\":\"https:\\\/\\\/cabrerarodriguez.com\\\/\",\"name\":\"Cabrera Rodr\u00edguez\",\"description\":\"Abogados y asesores tributarios\",\"publisher\":{\"@id\":\"https:\\\/\\\/cabrerarodriguez.com\\\/#organization\"},\"potentialAction\":[{\"@type\":\"SearchAction\",\"target\":{\"@type\":\"EntryPoint\",\"urlTemplate\":\"https:\\\/\\\/cabrerarodriguez.com\\\/?s={search_term_string}\"},\"query-input\":{\"@type\":\"PropertyValueSpecification\",\"valueRequired\":true,\"valueName\":\"search_term_string\"}}],\"inLanguage\":\"en-US\"},{\"@type\":\"Organization\",\"@id\":\"https:\\\/\\\/cabrerarodriguez.com\\\/#organization\",\"name\":\"Cabrera Rodr\u00edguez\",\"url\":\"https:\\\/\\\/cabrerarodriguez.com\\\/\",\"logo\":{\"@type\":\"ImageObject\",\"inLanguage\":\"en-US\",\"@id\":\"https:\\\/\\\/cabrerarodriguez.com\\\/#\\\/schema\\\/logo\\\/image\\\/\",\"url\":\"https:\\\/\\\/cabrerarodriguez.com\\\/wp-content\\\/uploads\\\/2019\\\/09\\\/logo_cabrera_rodriguez_2-1.png\",\"contentUrl\":\"https:\\\/\\\/cabrerarodriguez.com\\\/wp-content\\\/uploads\\\/2019\\\/09\\\/logo_cabrera_rodriguez_2-1.png\",\"width\":600,\"height\":300,\"caption\":\"Cabrera Rodr\u00edguez\"},\"image\":{\"@id\":\"https:\\\/\\\/cabrerarodriguez.com\\\/#\\\/schema\\\/logo\\\/image\\\/\"}}]}<\/script>\n<!-- \/ Yoast SEO plugin. -->","yoast_head_json":{"title":"Ruth Rodr\u00edguez Afonso - Cabrera Rodr\u00edguez Lawyers","description":"Ruth Rodr\u00edguez Afonso is a team member of Cabrera Rodr\u00edguez Lawyers and Tax Advisors. Contact us.","robots":{"index":"index","follow":"follow","max-snippet":"max-snippet:-1","max-image-preview":"max-image-preview:large","max-video-preview":"max-video-preview:-1"},"canonical":"https:\/\/cabrerarodriguez.com\/en\/ruth-rodriguez-afonso\/","og_locale":"en_US","og_type":"article","og_title":"Ruth Rodr\u00edguez Afonso - Cabrera Rodr\u00edguez Lawyers","og_description":"Ruth Rodr\u00edguez Afonso is a team member of Cabrera Rodr\u00edguez Lawyers and Tax Advisors. Contact us.","og_url":"https:\/\/cabrerarodriguez.com\/en\/ruth-rodriguez-afonso\/","og_site_name":"Cabrera Rodr\u00edguez","article_modified_time":"2025-08-25T11:53:57+00:00","og_image":[{"width":900,"height":830,"url":"https:\/\/cabrerarodriguez.com\/wp-content\/uploads\/2020\/10\/20200924_150747-1.png","type":"image\/png"}],"twitter_card":"summary_large_image","twitter_misc":{"Est. reading time":"4 minutes"},"schema":{"@context":"https:\/\/schema.org","@graph":[{"@type":"WebPage","@id":"https:\/\/cabrerarodriguez.com\/en\/ruth-rodriguez-afonso\/","url":"https:\/\/cabrerarodriguez.com\/en\/ruth-rodriguez-afonso\/","name":"Ruth Rodr\u00edguez Afonso - Cabrera Rodr\u00edguez Lawyers","isPartOf":{"@id":"https:\/\/cabrerarodriguez.com\/#website"},"primaryImageOfPage":{"@id":"https:\/\/cabrerarodriguez.com\/en\/ruth-rodriguez-afonso\/#primaryimage"},"image":{"@id":"https:\/\/cabrerarodriguez.com\/en\/ruth-rodriguez-afonso\/#primaryimage"},"thumbnailUrl":"https:\/\/cabrerarodriguez.com\/wp-content\/uploads\/2020\/10\/20200924_150747-1.png","datePublished":"2020-11-09T13:17:10+00:00","dateModified":"2025-08-25T11:53:57+00:00","description":"Ruth Rodr\u00edguez Afonso is a team member of Cabrera Rodr\u00edguez Lawyers and Tax Advisors. Contact us.","breadcrumb":{"@id":"https:\/\/cabrerarodriguez.com\/en\/ruth-rodriguez-afonso\/#breadcrumb"},"inLanguage":"en-US","potentialAction":[{"@type":"ReadAction","target":["https:\/\/cabrerarodriguez.com\/en\/ruth-rodriguez-afonso\/"]}]},{"@type":"ImageObject","inLanguage":"en-US","@id":"https:\/\/cabrerarodriguez.com\/en\/ruth-rodriguez-afonso\/#primaryimage","url":"https:\/\/cabrerarodriguez.com\/wp-content\/uploads\/2020\/10\/20200924_150747-1.png","contentUrl":"https:\/\/cabrerarodriguez.com\/wp-content\/uploads\/2020\/10\/20200924_150747-1.png","width":900,"height":830,"caption":"Ruth"},{"@type":"BreadcrumbList","@id":"https:\/\/cabrerarodriguez.com\/en\/ruth-rodriguez-afonso\/#breadcrumb","itemListElement":[{"@type":"ListItem","position":1,"name":"Portada","item":"https:\/\/cabrerarodriguez.com\/en\/"},{"@type":"ListItem","position":2,"name":"Ruth Rodr\u00edguez Afonso"}]},{"@type":"WebSite","@id":"https:\/\/cabrerarodriguez.com\/#website","url":"https:\/\/cabrerarodriguez.com\/","name":"Cabrera Rodr\u00edguez","description":"Abogados y asesores tributarios","publisher":{"@id":"https:\/\/cabrerarodriguez.com\/#organization"},"potentialAction":[{"@type":"SearchAction","target":{"@type":"EntryPoint","urlTemplate":"https:\/\/cabrerarodriguez.com\/?s={search_term_string}"},"query-input":{"@type":"PropertyValueSpecification","valueRequired":true,"valueName":"search_term_string"}}],"inLanguage":"en-US"},{"@type":"Organization","@id":"https:\/\/cabrerarodriguez.com\/#organization","name":"Cabrera Rodr\u00edguez","url":"https:\/\/cabrerarodriguez.com\/","logo":{"@type":"ImageObject","inLanguage":"en-US","@id":"https:\/\/cabrerarodriguez.com\/#\/schema\/logo\/image\/","url":"https:\/\/cabrerarodriguez.com\/wp-content\/uploads\/2019\/09\/logo_cabrera_rodriguez_2-1.png","contentUrl":"https:\/\/cabrerarodriguez.com\/wp-content\/uploads\/2019\/09\/logo_cabrera_rodriguez_2-1.png","width":600,"height":300,"caption":"Cabrera Rodr\u00edguez"},"image":{"@id":"https:\/\/cabrerarodriguez.com\/#\/schema\/logo\/image\/"}}]}},"_links":{"self":[{"href":"https:\/\/cabrerarodriguez.com\/en\/wp-json\/wp\/v2\/pages\/51016","targetHints":{"allow":["GET"]}}],"collection":[{"href":"https:\/\/cabrerarodriguez.com\/en\/wp-json\/wp\/v2\/pages"}],"about":[{"href":"https:\/\/cabrerarodriguez.com\/en\/wp-json\/wp\/v2\/types\/page"}],"author":[{"embeddable":true,"href":"https:\/\/cabrerarodriguez.com\/en\/wp-json\/wp\/v2\/users\/17"}],"replies":[{"embeddable":true,"href":"https:\/\/cabrerarodriguez.com\/en\/wp-json\/wp\/v2\/comments?post=51016"}],"version-history":[{"count":2,"href":"https:\/\/cabrerarodriguez.com\/en\/wp-json\/wp\/v2\/pages\/51016\/revisions"}],"predecessor-version":[{"id":66857,"href":"https:\/\/cabrerarodriguez.com\/en\/wp-json\/wp\/v2\/pages\/51016\/revisions\/66857"}],"wp:featuredmedia":[{"embeddable":true,"href":"https:\/\/cabrerarodriguez.com\/en\/wp-json\/wp\/v2\/media\/50472"}],"wp:attachment":[{"href":"https:\/\/cabrerarodriguez.com\/en\/wp-json\/wp\/v2\/media?parent=51016"}],"curies":[{"name":"wp","href":"https:\/\/api.w.org\/{rel}","templated":true}]}}