{"id":65593,"date":"2024-11-21T10:00:20","date_gmt":"2024-11-21T10:00:20","guid":{"rendered":"https:\/\/cabrerarodriguez.com\/?page_id=65593"},"modified":"2025-08-25T18:38:38","modified_gmt":"2025-08-25T18:38:38","slug":"leonor-lopez-vargas","status":"publish","type":"page","link":"https:\/\/cabrerarodriguez.com\/en\/leonor-lopez-vargas\/","title":{"rendered":"Leonor L\u00f3pez Vargas"},"content":{"rendered":"<p>[et_pb_section fb_built=&#8221;1&#8243; _builder_version=&#8221;4.16&#8243; custom_padding=&#8221;||0px||false|false&#8221; global_colors_info=&#8221;{}&#8221;][et_pb_row _builder_version=&#8221;4.16&#8243; custom_margin=&#8221;|auto|9px|auto||&#8221; global_colors_info=&#8221;{}&#8221;][et_pb_column type=&#8221;4_4&#8243; _builder_version=&#8221;4.16&#8243; global_colors_info=&#8221;{}&#8221;][et_pb_text _builder_version=&#8221;4.27.3&#8243; text_font=&#8221;Raleway|200|||||||&#8221; text_text_color=&#8221;#223c5b&#8221; text_font_size=&#8221;50px&#8221; header_font=&#8221;Raleway|200|||||||&#8221; header_font_size=&#8221;50px&#8221; header_line_height=&#8221;2em&#8221; text_orientation=&#8221;center&#8221; custom_margin=&#8221;||||false|false&#8221; text_font_size_tablet=&#8221;&#8221; text_font_size_phone=&#8221;40px&#8221; text_font_size_last_edited=&#8221;on|phone&#8221; header_font_size_tablet=&#8221;50px&#8221; header_font_size_phone=&#8221;40px&#8221; header_font_size_last_edited=&#8221;on|phone&#8221; header_line_height_tablet=&#8221;2em&#8221; header_line_height_phone=&#8221;1.2em&#8221; header_line_height_last_edited=&#8221;on|phone&#8221; global_colors_info=&#8221;{}&#8221;]<\/p>\n<h1 style=\"text-align: left;\">Leonor L\u00f3pez Vargas<\/h1>\n<p>[\/et_pb_text][\/et_pb_column][\/et_pb_row][et_pb_row column_structure=&#8221;1_2,1_2&#8243; _builder_version=&#8221;4.16&#8243; width_tablet=&#8221;&#8221; width_phone=&#8221;85%&#8221; width_last_edited=&#8221;on|phone&#8221; custom_padding=&#8221;|||0px|false|false&#8221; locked=&#8221;off&#8221; global_colors_info=&#8221;{}&#8221;][et_pb_column type=&#8221;1_2&#8243; _builder_version=&#8221;4.16&#8243; global_colors_info=&#8221;{}&#8221;][et_pb_image src=&#8221;https:\/\/cabrerarodriguez.com\/wp-content\/uploads\/2024\/11\/Leonor_Lopez.jpg&#8221; alt=&#8221;Octavio Cabrera, Abogado y Asesor Fiscal&#8221; title_text=&#8221;Leonor_Lopez&#8221; _builder_version=&#8221;4.27.3&#8243; _module_preset=&#8221;default&#8221; global_colors_info=&#8221;{}&#8221;][\/et_pb_image][\/et_pb_column][et_pb_column type=&#8221;1_2&#8243; _builder_version=&#8221;4.16&#8243; global_colors_info=&#8221;{}&#8221;][et_pb_text ul_type=&#8221;square&#8221; ul_item_indent=&#8221;40px&#8221; _builder_version=&#8221;4.27.4&#8243; text_font=&#8221;Raleway||||||||&#8221; text_text_color=&#8221;#565656&#8243; text_font_size=&#8221;18px&#8221; text_line_height=&#8221;1.6em&#8221; ul_font=&#8221;||||||||&#8221; ul_text_color=&#8221;#565656&#8243; ul_line_height=&#8221;1.6em&#8221; header_3_font=&#8221;||||||||&#8221; custom_margin=&#8221;||7px|||&#8221; hover_enabled=&#8221;0&#8243; global_colors_info=&#8221;{}&#8221; sticky_enabled=&#8221;0&#8243;]<\/p>\n<h3>Administrative<\/h3>\n<p>[\/et_pb_text][et_pb_text ul_type=&#8221;square&#8221; ul_item_indent=&#8221;40px&#8221; _builder_version=&#8221;4.27.3&#8243; text_font=&#8221;Raleway||||||||&#8221; text_text_color=&#8221;#565656&#8243; text_font_size=&#8221;16px&#8221; text_line_height=&#8221;1.4em&#8221; ul_font=&#8221;||||||||&#8221; ul_text_color=&#8221;#565656&#8243; ul_line_height=&#8221;1.6em&#8221; custom_margin=&#8221;13px|||||&#8221; global_colors_info=&#8221;{}&#8221;]<\/p>\n<p style=\"text-align: justify;\"><span>Sociologist by Central University of Venezuela.<\/span><\/p>\n<p style=\"text-align: justify;\">[\/et_pb_text][et_pb_blurb use_icon=&#8221;on&#8221; font_icon=&#8221;&#xe076;||divi||400&#8243; icon_color=&#8221;#5b5b5b&#8221; icon_placement=&#8221;left&#8221; image_icon_width=&#8221;20px&#8221; _builder_version=&#8221;4.27.3&#8243; _module_preset=&#8221;default&#8221; body_text_align=&#8221;left&#8221; body_font_size=&#8221;16px&#8221; body_line_height=&#8221;3em&#8221; image_icon_custom_padding=&#8221;15px|15px|15px|15px|true|true&#8221; custom_margin=&#8221;0px|||0px|false|false&#8221; custom_margin_tablet=&#8221;0px|||0px|false|false&#8221; custom_margin_phone=&#8221;0px|||0px|false|false&#8221; custom_margin_last_edited=&#8221;on|desktop&#8221; custom_padding=&#8221;0px||||false|false&#8221; icon_font_size=&#8221;23px&#8221; global_colors_info=&#8221;{}&#8221;]<a href=\"mailto:Leonor.lopez@cabrerarodriguez.com\">Leonor.lopez@cabrerarodriguez.com<\/a><br \/>\n[\/et_pb_blurb][et_pb_blurb use_icon=&#8221;on&#8221; font_icon=&#8221;&#xe09d;||divi||400&#8243; icon_color=&#8221;#5b5b5b&#8221; icon_placement=&#8221;left&#8221; image_icon_width=&#8221;20px&#8221; _builder_version=&#8221;4.27.3&#8243; _module_preset=&#8221;default&#8221; body_text_align=&#8221;left&#8221; body_font_size=&#8221;16px&#8221; body_line_height=&#8221;3em&#8221; image_icon_custom_padding=&#8221;15px|15px|15px|15px|true|true&#8221; custom_margin=&#8221;0px|||0px|false|false&#8221; custom_margin_tablet=&#8221;0px|||0px|false|false&#8221; custom_margin_phone=&#8221;0px|||0px|false|false&#8221; custom_margin_last_edited=&#8221;on|desktop&#8221; custom_padding=&#8221;0px||||false|false&#8221; icon_font_size=&#8221;23px&#8221; global_colors_info=&#8221;{}&#8221;]<\/p>\n<p><a href=\"https:\/\/www.linkedin.com\/in\/leonor-l%C3%B3pez-vargas-05914851\/\" target=\"_blank\" rel=\"noopener noreferrer\">linkedin.com\/in\/leonor-l%C3%B3pez-vargas-05914851\/<\/a><\/p>\n<p>[\/et_pb_blurb][et_pb_blurb use_icon=&#8221;on&#8221; font_icon=&#8221;&#xe066;||divi||400&#8243; icon_color=&#8221;#5b5b5b&#8221; icon_placement=&#8221;left&#8221; image_icon_width=&#8221;20px&#8221; _builder_version=&#8221;4.25.2&#8243; _module_preset=&#8221;default&#8221; body_text_align=&#8221;left&#8221; body_font_size=&#8221;16px&#8221; body_line_height=&#8221;3em&#8221; image_icon_custom_padding=&#8221;15px|15px|15px|15px|true|true&#8221; custom_margin=&#8221;0px|||0px|false|false&#8221; custom_margin_tablet=&#8221;0px|||0px|false|false&#8221; custom_margin_phone=&#8221;0px|||0px|false|false&#8221; custom_margin_last_edited=&#8221;on|desktop&#8221; custom_padding=&#8221;0px||||false|false&#8221; icon_font_size=&#8221;23px&#8221; locked=&#8221;off&#8221; global_colors_info=&#8221;{}&#8221;]<\/p>\n<p>Spanish and English.<\/p>\n<p>[\/et_pb_blurb][\/et_pb_column][\/et_pb_row][\/et_pb_section][et_pb_section fb_built=&#8221;1&#8243; _builder_version=&#8221;4.16&#8243; _module_preset=&#8221;default&#8221; custom_padding=&#8221;16px|||||&#8221; global_colors_info=&#8221;{}&#8221;][et_pb_row _builder_version=&#8221;4.16&#8243; _module_preset=&#8221;default&#8221; custom_padding=&#8221;23px|||||&#8221; locked=&#8221;off&#8221; global_colors_info=&#8221;{}&#8221;][et_pb_column type=&#8221;4_4&#8243; _builder_version=&#8221;4.16&#8243; _module_preset=&#8221;default&#8221; global_colors_info=&#8221;{}&#8221;][et_pb_button button_url=&#8221;https:\/\/cabrerarodriguez.com\/en\/team\/&#8221; button_text=&#8221;Back to team&#8221; button_alignment=&#8221;center&#8221; _builder_version=&#8221;4.25.2&#8243; _module_preset=&#8221;default&#8221; custom_button=&#8221;on&#8221; button_text_color=&#8221;#ffffff&#8221; button_bg_color=&#8221;#5b5b5b&#8221; button_border_width=&#8221;0px&#8221; button_border_radius=&#8221;0px&#8221; button_use_icon=&#8221;off&#8221; locked=&#8221;off&#8221; global_colors_info=&#8221;{}&#8221;][\/et_pb_button][\/et_pb_column][\/et_pb_row][\/et_pb_section]<\/p>\n","protected":false},"excerpt":{"rendered":"<p>Leonor L\u00f3pez Vargas AdministrativeSociologist by Central University of Venezuela. Leonor.lopez@cabrerarodriguez.com linkedin.com\/in\/leonor-l%C3%B3pez-vargas-05914851\/Spanish and English.<\/p>\n","protected":false},"author":17,"featured_media":65586,"parent":0,"menu_order":0,"comment_status":"closed","ping_status":"closed","template":"","meta":{"_acf_changed":false,"_et_pb_use_builder":"on","_et_pb_old_content":"<p>[et_pb_section fb_built=\"1\" _builder_version=\"4.16\" custom_padding=\"||0px||false|false\" global_colors_info=\"{}\"][et_pb_row _builder_version=\"4.16\" custom_margin=\"|auto|9px|auto||\" global_colors_info=\"{}\"][et_pb_column type=\"4_4\" _builder_version=\"4.16\" global_colors_info=\"{}\"][et_pb_text _builder_version=\"4.27.3\" text_font=\"Raleway|200|||||||\" text_text_color=\"#223c5b\" text_font_size=\"50px\" header_font=\"Raleway|200|||||||\" header_font_size=\"50px\" header_line_height=\"2em\" text_orientation=\"center\" custom_margin=\"||||false|false\" hover_enabled=\"0\" text_font_size_tablet=\"\" text_font_size_phone=\"40px\" text_font_size_last_edited=\"on|phone\" header_font_size_tablet=\"50px\" header_font_size_phone=\"40px\" header_font_size_last_edited=\"on|phone\" header_line_height_tablet=\"2em\" header_line_height_phone=\"1.2em\" header_line_height_last_edited=\"on|phone\" global_colors_info=\"{}\" sticky_enabled=\"0\"]<\/p><h1 style=\"text-align: left;\">Leonor L\u00f3pez Vargas<\/h1><p>[\/et_pb_text][\/et_pb_column][\/et_pb_row][et_pb_row column_structure=\"1_2,1_2\" _builder_version=\"4.16\" width_tablet=\"\" width_phone=\"85%\" width_last_edited=\"on|phone\" custom_padding=\"|||0px|false|false\" global_colors_info=\"{}\" locked=\"off\"][et_pb_column type=\"1_2\" _builder_version=\"4.16\" global_colors_info=\"{}\"][et_pb_image src=\"https:\/\/cabrerarodriguez.com\/wp-content\/uploads\/2024\/11\/Leonor_Lopez.jpg\" alt=\"Octavio Cabrera, Abogado y Asesor Fiscal\" title_text=\"Leonor_Lopez\" _builder_version=\"4.27.3\" _module_preset=\"default\" hover_enabled=\"0\" global_colors_info=\"{}\" sticky_enabled=\"0\"][\/et_pb_image][\/et_pb_column][et_pb_column type=\"1_2\" _builder_version=\"4.16\" global_colors_info=\"{}\"][et_pb_text ul_type=\"square\" ul_item_indent=\"40px\" _builder_version=\"4.25.2\" text_font=\"Raleway||||||||\" text_text_color=\"#565656\" text_font_size=\"18px\" text_line_height=\"1.6em\" ul_font=\"||||||||\" ul_text_color=\"#565656\" ul_line_height=\"1.6em\" header_3_font=\"||||||||\" custom_margin=\"||7px|||\" global_colors_info=\"{}\"]<\/p><h3>Administrativa.<\/h3><p>[\/et_pb_text][et_pb_text ul_type=\"square\" ul_item_indent=\"40px\" _builder_version=\"4.27.3\" text_font=\"Raleway||||||||\" text_text_color=\"#565656\" text_font_size=\"16px\" text_line_height=\"1.4em\" ul_font=\"||||||||\" ul_text_color=\"#565656\" ul_line_height=\"1.6em\" custom_margin=\"13px|||||\" hover_enabled=\"0\" global_colors_info=\"{}\" sticky_enabled=\"0\"]<\/p><p style=\"text-align: justify;\">Soci\u00f3loga, Universidad Central de Venezuela.<\/p><p style=\"text-align: justify;\">[\/et_pb_text][et_pb_blurb use_icon=\"on\" font_icon=\"\ue076||divi||400\" icon_color=\"#5b5b5b\" icon_placement=\"left\" image_icon_width=\"20px\" _builder_version=\"4.27.3\" _module_preset=\"default\" body_text_align=\"left\" body_font_size=\"16px\" body_line_height=\"3em\" image_icon_custom_padding=\"15px|15px|15px|15px|true|true\" custom_margin=\"0px|||0px|false|false\" custom_margin_tablet=\"0px|||0px|false|false\" custom_margin_phone=\"0px|||0px|false|false\" custom_margin_last_edited=\"on|desktop\" custom_padding=\"0px||||false|false\" hover_enabled=\"0\" icon_font_size=\"23px\" global_colors_info=\"{}\" sticky_enabled=\"0\"]<\/p><p><a href=\"mailto:Leonor.lopez@cabrerarodriguez.com\">Leonor.lopez@cabrerarodriguez.com<\/a><\/p><p>[\/et_pb_blurb][et_pb_blurb use_icon=\"on\" font_icon=\"\ue09d||divi||400\" icon_color=\"#5b5b5b\" icon_placement=\"left\" image_icon_width=\"20px\" _builder_version=\"4.27.3\" _module_preset=\"default\" body_text_align=\"left\" body_font_size=\"16px\" body_line_height=\"3em\" image_icon_custom_padding=\"15px|15px|15px|15px|true|true\" custom_margin=\"0px|||0px|false|false\" custom_margin_tablet=\"0px|||0px|false|false\" custom_margin_phone=\"0px|||0px|false|false\" custom_margin_last_edited=\"on|desktop\" custom_padding=\"0px||||false|false\" hover_enabled=\"0\" icon_font_size=\"23px\" global_colors_info=\"{}\" sticky_enabled=\"0\"]<\/p><p><a href=\"https:\/\/www.linkedin.com\/in\/leonor-l%C3%B3pez-vargas-05914851\/\" target=\"_blank\" rel=\"noopener noreferrer\">linkedin.com\/in\/leonor-l%C3%B3pez-vargas-05914851\/<\/a><\/p><p>[\/et_pb_blurb][et_pb_blurb use_icon=\"on\" font_icon=\"\ue066||divi||400\" icon_color=\"#5b5b5b\" icon_placement=\"left\" image_icon_width=\"20px\" _builder_version=\"4.25.2\" _module_preset=\"default\" body_text_align=\"left\" body_font_size=\"16px\" body_line_height=\"3em\" image_icon_custom_padding=\"15px|15px|15px|15px|true|true\" custom_margin=\"0px|||0px|false|false\" custom_margin_tablet=\"0px|||0px|false|false\" custom_margin_phone=\"0px|||0px|false|false\" custom_margin_last_edited=\"on|desktop\" custom_padding=\"0px||||false|false\" icon_font_size=\"23px\" global_colors_info=\"{}\"]<\/p><p>Espa\u00f1ol e ingl\u00e9s<\/p><p>[\/et_pb_blurb][\/et_pb_column][\/et_pb_row][\/et_pb_section][et_pb_section fb_built=\"1\" _builder_version=\"4.16\" _module_preset=\"default\" custom_padding=\"16px|||||\" global_colors_info=\"{}\"][et_pb_row _builder_version=\"4.16\" _module_preset=\"default\" custom_padding=\"23px|||||\" global_colors_info=\"{}\"][et_pb_column type=\"4_4\" _builder_version=\"4.16\" _module_preset=\"default\" global_colors_info=\"{}\"][et_pb_button button_url=\"https:\/\/cabrerarodriguez.com\/equipo\/\" button_text=\"Volver a Equipo\" button_alignment=\"center\" _builder_version=\"4.16\" _module_preset=\"default\" custom_button=\"on\" button_text_color=\"#ffffff\" button_bg_color=\"#5b5b5b\" button_border_width=\"0px\" button_border_radius=\"0px\" button_use_icon=\"off\" global_colors_info=\"{}\"][\/et_pb_button][\/et_pb_column][\/et_pb_row][\/et_pb_section]<\/p>","_et_gb_content_width":"","footnotes":""},"class_list":["post-65593","page","type-page","status-publish","has-post-thumbnail","hentry"],"acf":[],"yoast_head":"<!-- This site is optimized with the Yoast SEO plugin v27.1.1 - https:\/\/yoast.com\/product\/yoast-seo-wordpress\/ -->\n<title>Leonor L\u00f3pez Vargas - Cabrera Rodr\u00edguez<\/title>\n<meta name=\"robots\" content=\"index, follow, max-snippet:-1, max-image-preview:large, max-video-preview:-1\" \/>\n<link rel=\"canonical\" href=\"https:\/\/cabrerarodriguez.com\/en\/leonor-lopez-vargas\/\" \/>\n<meta property=\"og:locale\" content=\"en_US\" \/>\n<meta property=\"og:type\" content=\"article\" \/>\n<meta property=\"og:title\" content=\"Leonor L\u00f3pez Vargas - Cabrera Rodr\u00edguez\" \/>\n<meta property=\"og:description\" content=\"Leonor L\u00f3pez Vargas AdministrativeSociologist by Central University of Venezuela. Leonor.lopez@cabrerarodriguez.com linkedin.com\/in\/leonor-l%C3%B3pez-vargas-05914851\/Spanish and English.\" \/>\n<meta property=\"og:url\" content=\"https:\/\/cabrerarodriguez.com\/en\/leonor-lopez-vargas\/\" \/>\n<meta property=\"og:site_name\" content=\"Cabrera Rodr\u00edguez\" \/>\n<meta property=\"article:modified_time\" content=\"2025-08-25T18:38:38+00:00\" \/>\n<meta property=\"og:image\" content=\"https:\/\/cabrerarodriguez.com\/wp-content\/uploads\/2024\/11\/Leonor_Lopez.jpg\" \/>\n\t<meta property=\"og:image:width\" content=\"600\" \/>\n\t<meta property=\"og:image:height\" content=\"539\" \/>\n\t<meta property=\"og:image:type\" content=\"image\/jpeg\" \/>\n<meta name=\"twitter:card\" content=\"summary_large_image\" \/>\n<meta name=\"twitter:label1\" content=\"Est. reading time\" \/>\n\t<meta name=\"twitter:data1\" content=\"1 minute\" \/>\n<script type=\"application\/ld+json\" class=\"yoast-schema-graph\">{\"@context\":\"https:\/\/schema.org\",\"@graph\":[{\"@type\":\"WebPage\",\"@id\":\"https:\/\/cabrerarodriguez.com\/en\/leonor-lopez-vargas\/\",\"url\":\"https:\/\/cabrerarodriguez.com\/en\/leonor-lopez-vargas\/\",\"name\":\"Leonor L\u00f3pez Vargas - Cabrera Rodr\u00edguez\",\"isPartOf\":{\"@id\":\"https:\/\/cabrerarodriguez.com\/#website\"},\"primaryImageOfPage\":{\"@id\":\"https:\/\/cabrerarodriguez.com\/en\/leonor-lopez-vargas\/#primaryimage\"},\"image\":{\"@id\":\"https:\/\/cabrerarodriguez.com\/en\/leonor-lopez-vargas\/#primaryimage\"},\"thumbnailUrl\":\"https:\/\/cabrerarodriguez.com\/wp-content\/uploads\/2024\/11\/Leonor_Lopez.jpg\",\"datePublished\":\"2024-11-21T10:00:20+00:00\",\"dateModified\":\"2025-08-25T18:38:38+00:00\",\"breadcrumb\":{\"@id\":\"https:\/\/cabrerarodriguez.com\/en\/leonor-lopez-vargas\/#breadcrumb\"},\"inLanguage\":\"en-US\",\"potentialAction\":[{\"@type\":\"ReadAction\",\"target\":[\"https:\/\/cabrerarodriguez.com\/en\/leonor-lopez-vargas\/\"]}]},{\"@type\":\"ImageObject\",\"inLanguage\":\"en-US\",\"@id\":\"https:\/\/cabrerarodriguez.com\/en\/leonor-lopez-vargas\/#primaryimage\",\"url\":\"https:\/\/cabrerarodriguez.com\/wp-content\/uploads\/2024\/11\/Leonor_Lopez.jpg\",\"contentUrl\":\"https:\/\/cabrerarodriguez.com\/wp-content\/uploads\/2024\/11\/Leonor_Lopez.jpg\",\"width\":600,\"height\":539},{\"@type\":\"BreadcrumbList\",\"@id\":\"https:\/\/cabrerarodriguez.com\/en\/leonor-lopez-vargas\/#breadcrumb\",\"itemListElement\":[{\"@type\":\"ListItem\",\"position\":1,\"name\":\"Portada\",\"item\":\"https:\/\/cabrerarodriguez.com\/en\/\"},{\"@type\":\"ListItem\",\"position\":2,\"name\":\"Leonor L\u00f3pez Vargas\"}]},{\"@type\":\"WebSite\",\"@id\":\"https:\/\/cabrerarodriguez.com\/#website\",\"url\":\"https:\/\/cabrerarodriguez.com\/\",\"name\":\"Cabrera Rodr\u00edguez\",\"description\":\"Abogados y asesores tributarios\",\"publisher\":{\"@id\":\"https:\/\/cabrerarodriguez.com\/#organization\"},\"potentialAction\":[{\"@type\":\"SearchAction\",\"target\":{\"@type\":\"EntryPoint\",\"urlTemplate\":\"https:\/\/cabrerarodriguez.com\/?s={search_term_string}\"},\"query-input\":{\"@type\":\"PropertyValueSpecification\",\"valueRequired\":true,\"valueName\":\"search_term_string\"}}],\"inLanguage\":\"en-US\"},{\"@type\":\"Organization\",\"@id\":\"https:\/\/cabrerarodriguez.com\/#organization\",\"name\":\"Cabrera Rodr\u00edguez\",\"url\":\"https:\/\/cabrerarodriguez.com\/\",\"logo\":{\"@type\":\"ImageObject\",\"inLanguage\":\"en-US\",\"@id\":\"https:\/\/cabrerarodriguez.com\/#\/schema\/logo\/image\/\",\"url\":\"https:\/\/cabrerarodriguez.com\/wp-content\/uploads\/2019\/09\/logo_cabrera_rodriguez_2-1.png\",\"contentUrl\":\"https:\/\/cabrerarodriguez.com\/wp-content\/uploads\/2019\/09\/logo_cabrera_rodriguez_2-1.png\",\"width\":600,\"height\":300,\"caption\":\"Cabrera Rodr\u00edguez\"},\"image\":{\"@id\":\"https:\/\/cabrerarodriguez.com\/#\/schema\/logo\/image\/\"}}]}<\/script>\n<!-- \/ Yoast SEO plugin. -->","yoast_head_json":{"title":"Leonor L\u00f3pez Vargas - Cabrera Rodr\u00edguez","robots":{"index":"index","follow":"follow","max-snippet":"max-snippet:-1","max-image-preview":"max-image-preview:large","max-video-preview":"max-video-preview:-1"},"canonical":"https:\/\/cabrerarodriguez.com\/en\/leonor-lopez-vargas\/","og_locale":"en_US","og_type":"article","og_title":"Leonor L\u00f3pez Vargas - Cabrera Rodr\u00edguez","og_description":"Leonor L\u00f3pez Vargas AdministrativeSociologist by Central University of Venezuela. Leonor.lopez@cabrerarodriguez.com linkedin.com\/in\/leonor-l%C3%B3pez-vargas-05914851\/Spanish and English.","og_url":"https:\/\/cabrerarodriguez.com\/en\/leonor-lopez-vargas\/","og_site_name":"Cabrera Rodr\u00edguez","article_modified_time":"2025-08-25T18:38:38+00:00","og_image":[{"width":600,"height":539,"url":"https:\/\/cabrerarodriguez.com\/wp-content\/uploads\/2024\/11\/Leonor_Lopez.jpg","type":"image\/jpeg"}],"twitter_card":"summary_large_image","twitter_misc":{"Est. reading time":"1 minute"},"schema":{"@context":"https:\/\/schema.org","@graph":[{"@type":"WebPage","@id":"https:\/\/cabrerarodriguez.com\/en\/leonor-lopez-vargas\/","url":"https:\/\/cabrerarodriguez.com\/en\/leonor-lopez-vargas\/","name":"Leonor L\u00f3pez Vargas - Cabrera Rodr\u00edguez","isPartOf":{"@id":"https:\/\/cabrerarodriguez.com\/#website"},"primaryImageOfPage":{"@id":"https:\/\/cabrerarodriguez.com\/en\/leonor-lopez-vargas\/#primaryimage"},"image":{"@id":"https:\/\/cabrerarodriguez.com\/en\/leonor-lopez-vargas\/#primaryimage"},"thumbnailUrl":"https:\/\/cabrerarodriguez.com\/wp-content\/uploads\/2024\/11\/Leonor_Lopez.jpg","datePublished":"2024-11-21T10:00:20+00:00","dateModified":"2025-08-25T18:38:38+00:00","breadcrumb":{"@id":"https:\/\/cabrerarodriguez.com\/en\/leonor-lopez-vargas\/#breadcrumb"},"inLanguage":"en-US","potentialAction":[{"@type":"ReadAction","target":["https:\/\/cabrerarodriguez.com\/en\/leonor-lopez-vargas\/"]}]},{"@type":"ImageObject","inLanguage":"en-US","@id":"https:\/\/cabrerarodriguez.com\/en\/leonor-lopez-vargas\/#primaryimage","url":"https:\/\/cabrerarodriguez.com\/wp-content\/uploads\/2024\/11\/Leonor_Lopez.jpg","contentUrl":"https:\/\/cabrerarodriguez.com\/wp-content\/uploads\/2024\/11\/Leonor_Lopez.jpg","width":600,"height":539},{"@type":"BreadcrumbList","@id":"https:\/\/cabrerarodriguez.com\/en\/leonor-lopez-vargas\/#breadcrumb","itemListElement":[{"@type":"ListItem","position":1,"name":"Portada","item":"https:\/\/cabrerarodriguez.com\/en\/"},{"@type":"ListItem","position":2,"name":"Leonor L\u00f3pez Vargas"}]},{"@type":"WebSite","@id":"https:\/\/cabrerarodriguez.com\/#website","url":"https:\/\/cabrerarodriguez.com\/","name":"Cabrera Rodr\u00edguez","description":"Abogados y asesores tributarios","publisher":{"@id":"https:\/\/cabrerarodriguez.com\/#organization"},"potentialAction":[{"@type":"SearchAction","target":{"@type":"EntryPoint","urlTemplate":"https:\/\/cabrerarodriguez.com\/?s={search_term_string}"},"query-input":{"@type":"PropertyValueSpecification","valueRequired":true,"valueName":"search_term_string"}}],"inLanguage":"en-US"},{"@type":"Organization","@id":"https:\/\/cabrerarodriguez.com\/#organization","name":"Cabrera Rodr\u00edguez","url":"https:\/\/cabrerarodriguez.com\/","logo":{"@type":"ImageObject","inLanguage":"en-US","@id":"https:\/\/cabrerarodriguez.com\/#\/schema\/logo\/image\/","url":"https:\/\/cabrerarodriguez.com\/wp-content\/uploads\/2019\/09\/logo_cabrera_rodriguez_2-1.png","contentUrl":"https:\/\/cabrerarodriguez.com\/wp-content\/uploads\/2019\/09\/logo_cabrera_rodriguez_2-1.png","width":600,"height":300,"caption":"Cabrera Rodr\u00edguez"},"image":{"@id":"https:\/\/cabrerarodriguez.com\/#\/schema\/logo\/image\/"}}]}},"_links":{"self":[{"href":"https:\/\/cabrerarodriguez.com\/en\/wp-json\/wp\/v2\/pages\/65593","targetHints":{"allow":["GET"]}}],"collection":[{"href":"https:\/\/cabrerarodriguez.com\/en\/wp-json\/wp\/v2\/pages"}],"about":[{"href":"https:\/\/cabrerarodriguez.com\/en\/wp-json\/wp\/v2\/types\/page"}],"author":[{"embeddable":true,"href":"https:\/\/cabrerarodriguez.com\/en\/wp-json\/wp\/v2\/users\/17"}],"replies":[{"embeddable":true,"href":"https:\/\/cabrerarodriguez.com\/en\/wp-json\/wp\/v2\/comments?post=65593"}],"version-history":[{"count":4,"href":"https:\/\/cabrerarodriguez.com\/en\/wp-json\/wp\/v2\/pages\/65593\/revisions"}],"predecessor-version":[{"id":66868,"href":"https:\/\/cabrerarodriguez.com\/en\/wp-json\/wp\/v2\/pages\/65593\/revisions\/66868"}],"wp:featuredmedia":[{"embeddable":true,"href":"https:\/\/cabrerarodriguez.com\/en\/wp-json\/wp\/v2\/media\/65586"}],"wp:attachment":[{"href":"https:\/\/cabrerarodriguez.com\/en\/wp-json\/wp\/v2\/media?parent=65593"}],"curies":[{"name":"wp","href":"https:\/\/api.w.org\/{rel}","templated":true}]}}