{"id":988,"date":"2019-08-08T10:17:23","date_gmt":"2019-08-08T10:17:23","guid":{"rendered":"https:\/\/cabrerarodriguez.com\/derecho-administrativo\/"},"modified":"2022-02-17T11:14:23","modified_gmt":"2022-02-17T11:14:23","slug":"administrative-law","status":"publish","type":"page","link":"https:\/\/cabrerarodriguez.com\/en\/administrative-law\/","title":{"rendered":"Administrative Law"},"content":{"rendered":"<p>[et_pb_section fb_built=&#8221;1&#8243; _builder_version=&#8221;4.4.8&#8243; custom_padding=&#8221;||||false|false&#8221; border_width_top=&#8221;4px&#8221; border_color_top=&#8221;#0b3d5c&#8221; global_colors_info=&#8221;{}&#8221;][et_pb_row column_structure=&#8221;1_3,2_3&#8243; _builder_version=&#8221;4.4.8&#8243; max_width=&#8221;1254px&#8221; locked=&#8221;off&#8221; global_colors_info=&#8221;{}&#8221;][et_pb_column type=&#8221;1_3&#8243; _builder_version=&#8221;4.4.8&#8243; global_colors_info=&#8221;{}&#8221;][et_pb_text _builder_version=&#8221;4.6.0&#8243; text_font=&#8221;||||||||&#8221; text_text_color=&#8221;#000000&#8243; text_font_size=&#8221;13px&#8221; module_alignment=&#8221;center&#8221; custom_margin=&#8221;||4px||false|false&#8221; custom_padding=&#8221;15px||15px|20px|true|false&#8221; link_option_url=&#8221;https:\/\/cabrerarodriguez.com\/en\/real-estate-law\/&#8221; global_colors_info=&#8221;{}&#8221; background_color__hover=&#8221;#9e0404&#8243; background_enable_color__hover=&#8221;on&#8221; text_font_size__hover_enabled=&#8221;on|desktop&#8221; text_text_color__hover_enabled=&#8221;on|desktop&#8221; text_text_color__hover=&#8221;#ffffff&#8221; text_font_size__hover=&#8221;13px&#8221; background_color=&#8221;#E5E5E5&#8243; background__hover_enabled=&#8221;on|hover&#8221;]<\/p>\n<p>Real Estate Law<\/p>\n<p>[\/et_pb_text][et_pb_text _builder_version=&#8221;4.6.0&#8243; text_font=&#8221;||||||||&#8221; text_text_color=&#8221;#000000&#8243; text_font_size=&#8221;13px&#8221; module_alignment=&#8221;center&#8221; custom_margin=&#8221;||4px||false|false&#8221; custom_padding=&#8221;15px||15px|20px|true|false&#8221; link_option_url=&#8221;https:\/\/cabrerarodriguez.com\/en\/tax-law\/&#8221; global_colors_info=&#8221;{}&#8221; text_font_size__hover_enabled=&#8221;on|desktop&#8221; text_text_color__hover_enabled=&#8221;on|desktop&#8221; text_text_color__hover=&#8221;#ffffff&#8221; text_font_size__hover=&#8221;13px&#8221; background_color=&#8221;#E5E5E5&#8243; background_color__hover=&#8221;#9e0404&#8243; background__hover_enabled=&#8221;on|hover&#8221; background_enable_color__hover=&#8221;on&#8221;]<\/p>\n<p>Tax Law<\/p>\n<p>[\/et_pb_text][et_pb_text _builder_version=&#8221;4.6.0&#8243; text_font=&#8221;||||||||&#8221; text_text_color=&#8221;#000000&#8243; text_font_size=&#8221;13px&#8221; module_alignment=&#8221;center&#8221; custom_margin=&#8221;||4px||false|false&#8221; custom_padding=&#8221;15px||15px|20px|true|false&#8221; link_option_url=&#8221;https:\/\/cabrerarodriguez.com\/en\/fiscal-compliance\/&#8221; global_colors_info=&#8221;{}&#8221; background_color__hover=&#8221;#9e0404&#8243; background_enable_color__hover=&#8221;on&#8221; text_font_size__hover_enabled=&#8221;on|desktop&#8221; text_text_color__hover_enabled=&#8221;on|desktop&#8221; text_text_color__hover=&#8221;#ffffff&#8221; text_font_size__hover=&#8221;13px&#8221; background_color=&#8221;#E5E5E5&#8243; background__hover_enabled=&#8221;on|hover&#8221;]<\/p>\n<p>Fiscal Compliance<\/p>\n<p>[\/et_pb_text][et_pb_text _builder_version=&#8221;4.6.0&#8243; text_font=&#8221;||||||||&#8221; text_text_color=&#8221;#000000&#8243; text_font_size=&#8221;13px&#8221; module_alignment=&#8221;center&#8221; custom_margin=&#8221;||4px||false|false&#8221; custom_padding=&#8221;15px||15px|20px|true|false&#8221; link_option_url=&#8221;https:\/\/cabrerarodriguez.com\/en\/fiscal-planning\/&#8221; global_colors_info=&#8221;{}&#8221; background_color__hover=&#8221;#9e0404&#8243; background_enable_color__hover=&#8221;on&#8221; text_font_size__hover_enabled=&#8221;on|desktop&#8221; text_text_color__hover_enabled=&#8221;on|desktop&#8221; text_text_color__hover=&#8221;#ffffff&#8221; text_font_size__hover=&#8221;13px&#8221; background_color=&#8221;#E5E5E5&#8243; background__hover_enabled=&#8221;on|hover&#8221;]<\/p>\n<p>Fiscal Planning<\/p>\n<p>[\/et_pb_text][et_pb_text _builder_version=&#8221;4.6.0&#8243; text_font=&#8221;||||||||&#8221; text_text_color=&#8221;#000000&#8243; text_font_size=&#8221;13px&#8221; module_alignment=&#8221;center&#8221; custom_margin=&#8221;||4px||false|false&#8221; custom_padding=&#8221;15px||15px|20px|true|false&#8221; link_option_url=&#8221;https:\/\/cabrerarodriguez.com\/en\/family-businesses-and-planning-for-succession\/&#8221; global_colors_info=&#8221;{}&#8221; background_color__hover=&#8221;#9e0404&#8243; background_enable_color__hover=&#8221;on&#8221; text_font_size__hover_enabled=&#8221;on|desktop&#8221; text_text_color__hover_enabled=&#8221;on|desktop&#8221; text_text_color__hover=&#8221;#ffffff&#8221; text_font_size__hover=&#8221;13px&#8221; background_color=&#8221;#E5E5E5&#8243; background__hover_enabled=&#8221;on|hover&#8221;]<\/p>\n<p>Fiscal Businesses and Planning for Succession<\/p>\n<p>[\/et_pb_text][et_pb_text _builder_version=&#8221;4.6.0&#8243; text_font=&#8221;||||||||&#8221; text_text_color=&#8221;#000000&#8243; text_font_size=&#8221;13px&#8221; module_alignment=&#8221;center&#8221; custom_margin=&#8221;||4px||false|false&#8221; custom_padding=&#8221;15px||15px|20px|true|false&#8221; link_option_url=&#8221;https:\/\/cabrerarodriguez.com\/en\/fiscal-accounting-consultancy\/&#8221; global_colors_info=&#8221;{}&#8221; background_color__hover=&#8221;#9e0404&#8243; background_enable_color__hover=&#8221;on&#8221; text_font_size__hover_enabled=&#8221;on|desktop&#8221; text_text_color__hover_enabled=&#8221;on|desktop&#8221; text_text_color__hover=&#8221;#ffffff&#8221; text_font_size__hover=&#8221;13px&#8221; background_color=&#8221;#E5E5E5&#8243; background__hover_enabled=&#8221;on|hover&#8221;]<\/p>\n<p>Fiscal Accounting Consultancy<\/p>\n<p>[\/et_pb_text][et_pb_text _builder_version=&#8221;4.6.0&#8243; text_font=&#8221;||||||||&#8221; text_text_color=&#8221;#000000&#8243; text_font_size=&#8221;13px&#8221; module_alignment=&#8221;center&#8221; custom_margin=&#8221;||4px||false|false&#8221; custom_padding=&#8221;15px||15px|20px|true|false&#8221; link_option_url=&#8221;https:\/\/cabrerarodriguez.com\/en\/commercial-law-and-companies\/&#8221; global_colors_info=&#8221;{}&#8221; background_color__hover=&#8221;#9e0404&#8243; background_enable_color__hover=&#8221;on&#8221; text_font_size__hover_enabled=&#8221;on|desktop&#8221; text_text_color__hover_enabled=&#8221;on|desktop&#8221; text_text_color__hover=&#8221;#ffffff&#8221; text_font_size__hover=&#8221;13px&#8221; background_color=&#8221;#E5E5E5&#8243; background__hover_enabled=&#8221;on|hover&#8221;]<\/p>\n<p>Comercial Law and Companies<\/p>\n<p>[\/et_pb_text][et_pb_text _builder_version=&#8221;4.6.0&#8243; text_font=&#8221;||||||||&#8221; text_text_color=&#8221;#000000&#8243; text_font_size=&#8221;13px&#8221; module_alignment=&#8221;center&#8221; custom_margin=&#8221;||4px||false|false&#8221; custom_padding=&#8221;15px||15px|20px|true|false&#8221; link_option_url=&#8221;https:\/\/cabrerarodriguez.com\/en\/restructuring-and-bankruptcy\/&#8221; global_colors_info=&#8221;{}&#8221; background_color__hover=&#8221;#9e0404&#8243; background_enable_color__hover=&#8221;on&#8221; text_font_size__hover_enabled=&#8221;on|desktop&#8221; text_text_color__hover_enabled=&#8221;on|desktop&#8221; text_text_color__hover=&#8221;#ffffff&#8221; text_font_size__hover=&#8221;13px&#8221; background_color=&#8221;#E5E5E5&#8243; background__hover_enabled=&#8221;on|hover&#8221;]<\/p>\n<p>Restructuring and Bankrupcy<\/p>\n<p>[\/et_pb_text][et_pb_text _builder_version=&#8221;4.6.0&#8243; text_font=&#8221;||||||||&#8221; text_text_color=&#8221;#ffffff&#8221; text_font_size=&#8221;13px&#8221; module_alignment=&#8221;center&#8221; custom_margin=&#8221;||4px||false|false&#8221; custom_padding=&#8221;15px||15px|20px|true|false&#8221; link_option_url=&#8221;https:\/\/cabrerarodriguez.com\/en\/administrative-law\/&#8221; global_colors_info=&#8221;{}&#8221; background_color__hover=&#8221;#0b3d5c&#8221; background_enable_color__hover=&#8221;on&#8221; text_font_size__hover_enabled=&#8221;on|hover&#8221; text_text_color__hover_enabled=&#8221;on|desktop&#8221; text_text_color__hover=&#8221;#ffffff&#8221; text_font_size__hover=&#8221;13px&#8221; link_text_color=&#8221;#ffffff&#8221; background_color=&#8221;#9e0404&#8243; background__hover_enabled=&#8221;off|desktop&#8221;]<\/p>\n<p>Administrative Law<\/p>\n<p>[\/et_pb_text][et_pb_text _builder_version=&#8221;4.6.0&#8243; text_font=&#8221;||||||||&#8221; text_text_color=&#8221;#000000&#8243; text_font_size=&#8221;13px&#8221; module_alignment=&#8221;center&#8221; custom_margin=&#8221;||4px||false|false&#8221; custom_padding=&#8221;15px||15px|20px|true|false&#8221; link_option_url=&#8221;https:\/\/cabrerarodriguez.com\/en\/procedural-law\/&#8221; global_colors_info=&#8221;{}&#8221; background_color__hover=&#8221;#9e0404&#8243; background_enable_color__hover=&#8221;on&#8221; text_font_size__hover_enabled=&#8221;on|desktop&#8221; text_text_color__hover_enabled=&#8221;on|desktop&#8221; text_text_color__hover=&#8221;#ffffff&#8221; text_font_size__hover=&#8221;13px&#8221; background_color=&#8221;#E5E5E5&#8243; background__hover_enabled=&#8221;on|hover&#8221;]<\/p>\n<p>Procedural Law<\/p>\n<p>[\/et_pb_text][et_pb_text _builder_version=&#8221;4.6.0&#8243; text_font=&#8221;||||||||&#8221; text_text_color=&#8221;#000000&#8243; text_font_size=&#8221;13px&#8221; module_alignment=&#8221;center&#8221; custom_margin=&#8221;||4px||false|false&#8221; custom_padding=&#8221;15px||15px|20px|true|false&#8221; link_option_url=&#8221;https:\/\/cabrerarodriguez.com\/en\/economic-penal-law\/&#8221; global_colors_info=&#8221;{}&#8221; background_color__hover=&#8221;#9e0404&#8243; background_enable_color__hover=&#8221;on&#8221; text_font_size__hover_enabled=&#8221;on|desktop&#8221; text_text_color__hover_enabled=&#8221;on|desktop&#8221; text_text_color__hover=&#8221;#ffffff&#8221; text_font_size__hover=&#8221;13px&#8221; background_color=&#8221;#E5E5E5&#8243; background__hover_enabled=&#8221;on|hover&#8221;]<\/p>\n<p>Economic Penal Law<\/p>\n<p>[\/et_pb_text][et_pb_text _builder_version=&#8221;4.6.0&#8243; text_font=&#8221;||||||||&#8221; text_text_color=&#8221;#000000&#8243; text_font_size=&#8221;13px&#8221; module_alignment=&#8221;center&#8221; custom_margin=&#8221;||4px||false|false&#8221; custom_padding=&#8221;15px||15px|20px|true|false&#8221; link_option_url=&#8221;https:\/\/cabrerarodriguez.com\/en\/employment-law\/&#8221; global_colors_info=&#8221;{}&#8221; background_color__hover=&#8221;#9e0404&#8243; background_enable_color__hover=&#8221;on&#8221; text_font_size__hover_enabled=&#8221;on|desktop&#8221; text_text_color__hover_enabled=&#8221;on|desktop&#8221; text_text_color__hover=&#8221;#ffffff&#8221; text_font_size__hover=&#8221;13px&#8221; background_color=&#8221;#E5E5E5&#8243; background__hover_enabled=&#8221;on|hover&#8221;]<\/p>\n<p>Employment Law<\/p>\n<p>[\/et_pb_text][\/et_pb_column][et_pb_column type=&#8221;2_3&#8243; _builder_version=&#8221;4.4.8&#8243; global_colors_info=&#8221;{}&#8221;][et_pb_text _builder_version=&#8221;4.6.0&#8243; text_font=&#8221;||||||||&#8221; text_text_color=&#8221;#223c5b&#8221; text_font_size=&#8221;50px&#8221; header_font=&#8221;Raleway|200|||||||&#8221; header_text_color=&#8221;#000000&#8243; header_font_size=&#8221;60px&#8221; text_orientation=&#8221;center&#8221; header_font_size_tablet=&#8221;&#8221; header_font_size_phone=&#8221;40px&#8221; header_font_size_last_edited=&#8221;on|phone&#8221; global_colors_info=&#8221;{}&#8221; header_2_font=&#8221;Raleway|200|||||||&#8221; header_2_text_color=&#8221;#0b3d5c&#8221; header_2_font_size=&#8221;60px&#8221; header_2_font_size_phone=&#8221;40px&#8221; header_2_font_size_last_edited=&#8221;on|desktop&#8221; header_2_font_size_tablet=&#8221;60px&#8221;]<\/p>\n<h1 style=\"text-align: left;\">ADMINISTRATIVE LAW<\/h1>\n<p>[\/et_pb_text][et_pb_text ul_type=&#8221;square&#8221; ul_item_indent=&#8221;40px&#8221; _builder_version=&#8221;4.6.0&#8243; text_font=&#8221;Raleway||||||||&#8221; text_text_color=&#8221;#565656&#8243; text_font_size=&#8221;18px&#8221; text_line_height=&#8221;1.6em&#8221; ul_font=&#8221;||||||||&#8221; ul_text_color=&#8221;#565656&#8243; ul_line_height=&#8221;1.6em&#8221; text_orientation=&#8221;justified&#8221; global_colors_info=&#8221;{}&#8221;]<\/p>\n<div class=\"zn_text_box eluide2c59ab9  zn_text_box-light element-scheme--light\">\n<div class=\"zn_text_box eluide2c59ab9  zn_text_box-light element-scheme--light\">\n<div class=\"zn_text_box eluide2c59ab9  zn_text_box-light element-scheme--light\">\n<div class=\"zn_text_box eluide2c59ab9  zn_text_box-light element-scheme--light\">\n<div class=\"zn_text_box eluide2c59ab9  zn_text_box-light element-scheme--light\">\n<p>In this area, we make ourselves responsible for studying, analysing and giving solutions to all the questions which might arise from the legal relationships with the different public Administrations.<\/p>\n<p>Our clients will have solutions in the administrative legal scope, with the backing and support that they need by means of:<\/p>\n<\/div>\n<div class=\"znList eluid7ac69b93  text-left znList-icon--left elm-znlist--light element-scheme--light\">\n<ul class=\"znListItems clearfix\">\n<li class=\"znListItems-item clearfix\"><span class=\"znListItems-text\">\u00a0The preparation of reports and opinions.<\/span><\/li>\n<li class=\"znListItems-item clearfix\"><span class=\"znListItems-text\">Advice on all kinds of administration procedures.<\/span><\/li>\n<li class=\"znListItems-item clearfix\"><span class=\"znListItems-text\">Preparation of appeals in the administrative area.<\/span><\/li>\n<li class=\"znListItems-item clearfix\"><span class=\"znListItems-text\">Advice on town planning matters.<\/span><\/li>\n<\/ul>\n<\/div>\n<\/div>\n<\/div>\n<\/div>\n<\/div>\n<p>[\/et_pb_text][\/et_pb_column][\/et_pb_row][\/et_pb_section]<\/p>\n","protected":false},"excerpt":{"rendered":"<p>Real Estate LawTax LawFiscal ComplianceFiscal PlanningFiscal Businesses and Planning for SuccessionFiscal Accounting ConsultancyComercial Law and CompaniesRestructuring and BankrupcyAdministrative LawProcedural LawEconomic Penal LawEmployment LawADMINISTRATIVE LAW In this area, we make ourselves responsible for studying, analysing and giving solutions to all the questions which might arise from the legal relationships with the different public Administrations. Our clients [&hellip;]<\/p>\n","protected":false},"author":17,"featured_media":0,"parent":0,"menu_order":0,"comment_status":"closed","ping_status":"closed","template":"","meta":{"_acf_changed":false,"_et_pb_use_builder":"on","_et_pb_old_content":"","_et_gb_content_width":"","footnotes":""},"class_list":["post-988","page","type-page","status-publish","hentry"],"acf":[],"yoast_head":"<!-- This site is optimized with the Yoast SEO plugin v27.1.1 - https:\/\/yoast.com\/product\/yoast-seo-wordpress\/ -->\n<title>Administrative Law - Cabrera Rodr\u00edguez - Lawyers in Canary Islands<\/title>\n<meta name=\"description\" content=\"In the Administrative Law area we take care of studying, analyzing and solving all the questions that may arise from the legal relationships\" \/>\n<meta name=\"robots\" content=\"index, follow, max-snippet:-1, max-image-preview:large, max-video-preview:-1\" \/>\n<link rel=\"canonical\" href=\"https:\/\/cabrerarodriguez.com\/en\/administrative-law\/\" \/>\n<meta property=\"og:locale\" content=\"en_US\" \/>\n<meta property=\"og:type\" content=\"article\" \/>\n<meta property=\"og:title\" content=\"Derecho Administrativo\" \/>\n<meta property=\"og:description\" content=\"En esta \u00e1rea nos ocupamos de estudiar, analizar y dar soluci\u00f3n a todas las cuestiones que pueden derivarse de las relaciones jur\u00eddicas que se entablan con las distintas Administraciones p\u00fablicas.\" \/>\n<meta property=\"og:url\" content=\"https:\/\/cabrerarodriguez.com\/en\/administrative-law\/\" \/>\n<meta property=\"og:site_name\" content=\"Cabrera Rodr\u00edguez\" \/>\n<meta property=\"article:modified_time\" content=\"2022-02-17T11:14:23+00:00\" \/>\n<meta property=\"og:image\" content=\"https:\/\/cabrerarodriguez.com\/wp-content\/uploads\/2019\/08\/slide3.jpg\" \/>\n\t<meta property=\"og:image:width\" content=\"1920\" \/>\n\t<meta property=\"og:image:height\" content=\"800\" \/>\n\t<meta property=\"og:image:type\" content=\"image\/jpeg\" \/>\n<meta name=\"twitter:card\" content=\"summary_large_image\" \/>\n<meta name=\"twitter:title\" content=\"Derecho Administrativo\" \/>\n<meta name=\"twitter:description\" content=\"En esta \u00e1rea nos ocupamos de estudiar, analizar y dar soluci\u00f3n a todas las cuestiones que pueden derivarse de las relaciones jur\u00eddicas que se entablan con las distintas Administraciones p\u00fablicas.\" \/>\n<meta name=\"twitter:image\" content=\"https:\/\/cabrerarodriguez.com\/wp-content\/uploads\/2019\/08\/slide3.jpg\" \/>\n<meta name=\"twitter:label1\" content=\"Est. reading time\" \/>\n\t<meta name=\"twitter:data1\" content=\"7 minutes\" \/>\n<script type=\"application\/ld+json\" class=\"yoast-schema-graph\">{\"@context\":\"https:\/\/schema.org\",\"@graph\":[{\"@type\":\"WebPage\",\"@id\":\"https:\/\/cabrerarodriguez.com\/en\/administrative-law\/\",\"url\":\"https:\/\/cabrerarodriguez.com\/en\/administrative-law\/\",\"name\":\"Administrative Law - Cabrera Rodr\u00edguez - Lawyers in Canary Islands\",\"isPartOf\":{\"@id\":\"https:\/\/cabrerarodriguez.com\/#website\"},\"datePublished\":\"2019-08-08T10:17:23+00:00\",\"dateModified\":\"2022-02-17T11:14:23+00:00\",\"description\":\"In the Administrative Law area we take care of studying, analyzing and solving all the questions that may arise from the legal relationships\",\"breadcrumb\":{\"@id\":\"https:\/\/cabrerarodriguez.com\/en\/administrative-law\/#breadcrumb\"},\"inLanguage\":\"en-US\",\"potentialAction\":[{\"@type\":\"ReadAction\",\"target\":[\"https:\/\/cabrerarodriguez.com\/en\/administrative-law\/\"]}]},{\"@type\":\"BreadcrumbList\",\"@id\":\"https:\/\/cabrerarodriguez.com\/en\/administrative-law\/#breadcrumb\",\"itemListElement\":[{\"@type\":\"ListItem\",\"position\":1,\"name\":\"Portada\",\"item\":\"https:\/\/cabrerarodriguez.com\/en\/\"},{\"@type\":\"ListItem\",\"position\":2,\"name\":\"Administrative Law\"}]},{\"@type\":\"WebSite\",\"@id\":\"https:\/\/cabrerarodriguez.com\/#website\",\"url\":\"https:\/\/cabrerarodriguez.com\/\",\"name\":\"Cabrera Rodr\u00edguez\",\"description\":\"Abogados y asesores tributarios\",\"publisher\":{\"@id\":\"https:\/\/cabrerarodriguez.com\/#organization\"},\"potentialAction\":[{\"@type\":\"SearchAction\",\"target\":{\"@type\":\"EntryPoint\",\"urlTemplate\":\"https:\/\/cabrerarodriguez.com\/?s={search_term_string}\"},\"query-input\":{\"@type\":\"PropertyValueSpecification\",\"valueRequired\":true,\"valueName\":\"search_term_string\"}}],\"inLanguage\":\"en-US\"},{\"@type\":\"Organization\",\"@id\":\"https:\/\/cabrerarodriguez.com\/#organization\",\"name\":\"Cabrera Rodr\u00edguez\",\"url\":\"https:\/\/cabrerarodriguez.com\/\",\"logo\":{\"@type\":\"ImageObject\",\"inLanguage\":\"en-US\",\"@id\":\"https:\/\/cabrerarodriguez.com\/#\/schema\/logo\/image\/\",\"url\":\"https:\/\/cabrerarodriguez.com\/wp-content\/uploads\/2019\/09\/logo_cabrera_rodriguez_2-1.png\",\"contentUrl\":\"https:\/\/cabrerarodriguez.com\/wp-content\/uploads\/2019\/09\/logo_cabrera_rodriguez_2-1.png\",\"width\":600,\"height\":300,\"caption\":\"Cabrera Rodr\u00edguez\"},\"image\":{\"@id\":\"https:\/\/cabrerarodriguez.com\/#\/schema\/logo\/image\/\"}}]}<\/script>\n<!-- \/ Yoast SEO plugin. -->","yoast_head_json":{"title":"Administrative Law - Cabrera Rodr\u00edguez - Lawyers in Canary Islands","description":"In the Administrative Law area we take care of studying, analyzing and solving all the questions that may arise from the legal relationships","robots":{"index":"index","follow":"follow","max-snippet":"max-snippet:-1","max-image-preview":"max-image-preview:large","max-video-preview":"max-video-preview:-1"},"canonical":"https:\/\/cabrerarodriguez.com\/en\/administrative-law\/","og_locale":"en_US","og_type":"article","og_title":"Derecho Administrativo","og_description":"En esta \u00e1rea nos ocupamos de estudiar, analizar y dar soluci\u00f3n a todas las cuestiones que pueden derivarse de las relaciones jur\u00eddicas que se entablan con las distintas Administraciones p\u00fablicas.","og_url":"https:\/\/cabrerarodriguez.com\/en\/administrative-law\/","og_site_name":"Cabrera Rodr\u00edguez","article_modified_time":"2022-02-17T11:14:23+00:00","og_image":[{"width":1920,"height":800,"url":"https:\/\/cabrerarodriguez.com\/wp-content\/uploads\/2019\/08\/slide3.jpg","type":"image\/jpeg"}],"twitter_card":"summary_large_image","twitter_title":"Derecho Administrativo","twitter_description":"En esta \u00e1rea nos ocupamos de estudiar, analizar y dar soluci\u00f3n a todas las cuestiones que pueden derivarse de las relaciones jur\u00eddicas que se entablan con las distintas Administraciones p\u00fablicas.","twitter_image":"https:\/\/cabrerarodriguez.com\/wp-content\/uploads\/2019\/08\/slide3.jpg","twitter_misc":{"Est. reading time":"7 minutes"},"schema":{"@context":"https:\/\/schema.org","@graph":[{"@type":"WebPage","@id":"https:\/\/cabrerarodriguez.com\/en\/administrative-law\/","url":"https:\/\/cabrerarodriguez.com\/en\/administrative-law\/","name":"Administrative Law - Cabrera Rodr\u00edguez - Lawyers in Canary Islands","isPartOf":{"@id":"https:\/\/cabrerarodriguez.com\/#website"},"datePublished":"2019-08-08T10:17:23+00:00","dateModified":"2022-02-17T11:14:23+00:00","description":"In the Administrative Law area we take care of studying, analyzing and solving all the questions that may arise from the legal relationships","breadcrumb":{"@id":"https:\/\/cabrerarodriguez.com\/en\/administrative-law\/#breadcrumb"},"inLanguage":"en-US","potentialAction":[{"@type":"ReadAction","target":["https:\/\/cabrerarodriguez.com\/en\/administrative-law\/"]}]},{"@type":"BreadcrumbList","@id":"https:\/\/cabrerarodriguez.com\/en\/administrative-law\/#breadcrumb","itemListElement":[{"@type":"ListItem","position":1,"name":"Portada","item":"https:\/\/cabrerarodriguez.com\/en\/"},{"@type":"ListItem","position":2,"name":"Administrative Law"}]},{"@type":"WebSite","@id":"https:\/\/cabrerarodriguez.com\/#website","url":"https:\/\/cabrerarodriguez.com\/","name":"Cabrera Rodr\u00edguez","description":"Abogados y asesores tributarios","publisher":{"@id":"https:\/\/cabrerarodriguez.com\/#organization"},"potentialAction":[{"@type":"SearchAction","target":{"@type":"EntryPoint","urlTemplate":"https:\/\/cabrerarodriguez.com\/?s={search_term_string}"},"query-input":{"@type":"PropertyValueSpecification","valueRequired":true,"valueName":"search_term_string"}}],"inLanguage":"en-US"},{"@type":"Organization","@id":"https:\/\/cabrerarodriguez.com\/#organization","name":"Cabrera Rodr\u00edguez","url":"https:\/\/cabrerarodriguez.com\/","logo":{"@type":"ImageObject","inLanguage":"en-US","@id":"https:\/\/cabrerarodriguez.com\/#\/schema\/logo\/image\/","url":"https:\/\/cabrerarodriguez.com\/wp-content\/uploads\/2019\/09\/logo_cabrera_rodriguez_2-1.png","contentUrl":"https:\/\/cabrerarodriguez.com\/wp-content\/uploads\/2019\/09\/logo_cabrera_rodriguez_2-1.png","width":600,"height":300,"caption":"Cabrera Rodr\u00edguez"},"image":{"@id":"https:\/\/cabrerarodriguez.com\/#\/schema\/logo\/image\/"}}]}},"_links":{"self":[{"href":"https:\/\/cabrerarodriguez.com\/en\/wp-json\/wp\/v2\/pages\/988","targetHints":{"allow":["GET"]}}],"collection":[{"href":"https:\/\/cabrerarodriguez.com\/en\/wp-json\/wp\/v2\/pages"}],"about":[{"href":"https:\/\/cabrerarodriguez.com\/en\/wp-json\/wp\/v2\/types\/page"}],"author":[{"embeddable":true,"href":"https:\/\/cabrerarodriguez.com\/en\/wp-json\/wp\/v2\/users\/17"}],"replies":[{"embeddable":true,"href":"https:\/\/cabrerarodriguez.com\/en\/wp-json\/wp\/v2\/comments?post=988"}],"version-history":[{"count":0,"href":"https:\/\/cabrerarodriguez.com\/en\/wp-json\/wp\/v2\/pages\/988\/revisions"}],"wp:attachment":[{"href":"https:\/\/cabrerarodriguez.com\/en\/wp-json\/wp\/v2\/media?parent=988"}],"curies":[{"name":"wp","href":"https:\/\/api.w.org\/{rel}","templated":true}]}}